{"id":4509,"date":"2023-05-26T10:44:20","date_gmt":"2023-05-26T09:44:20","guid":{"rendered":"https:\/\/www.texisys.com\/?page_id=4509"},"modified":"2024-04-30T08:37:33","modified_gmt":"2024-04-30T07:37:33","slug":"texis-solutions-for-textile-handling","status":"publish","type":"page","link":"https:\/\/www.texisys.com\/en\/texis-solutions-for-textile-handling\/","title":{"rendered":"Texi&#8217;s solutions for textile handling"},"content":{"rendered":"","protected":false},"excerpt":{"rendered":"<p>Organizations that handle large quantities of textiles with strict hygiene requirements, can have a challenging time managing their textile stock in an efficient way. Texi Logistic Solution consists of several different products to obtain the optimal textile logistics. All products are equipped with reading points (RFID antennas) to guarantee traceability through the entire logistics chain. The more reading points throughout the flow, the better control over the garments is obtained.<\/p>\n","protected":false},"author":15,"featured_media":4489,"parent":0,"menu_order":0,"comment_status":"closed","ping_status":"closed","template":"","meta":{"_acf_changed":false,"footnotes":""},"class_list":["post-4509","page","type-page","status-publish","has-post-thumbnail","hentry"],"acf":[],"yoast_head":"<!-- This site is optimized with the Yoast SEO plugin v27.4 - https:\/\/yoast.com\/product\/yoast-seo-wordpress\/ -->\n<title>Texi&#039;s solutions for textile handling<\/title>\n<meta name=\"description\" content=\"Texi Logistic Solution consists of several different products to obtain the optimal textile logistics\" \/>\n<meta name=\"robots\" content=\"index, follow, max-snippet:-1, max-image-preview:large, max-video-preview:-1\" \/>\n<link rel=\"canonical\" href=\"https:\/\/www.texisys.com\/en\/texis-solutions-for-textile-handling\/\" \/>\n<meta property=\"og:locale\" content=\"en_US\" \/>\n<meta property=\"og:type\" content=\"article\" \/>\n<meta property=\"og:title\" content=\"Texi&#039;s solutions for textile handling\" \/>\n<meta property=\"og:description\" content=\"Texi Logistic Solution consists of several different products to obtain the optimal textile logistics\" \/>\n<meta property=\"og:url\" content=\"https:\/\/www.texisys.com\/en\/texis-solutions-for-textile-handling\/\" \/>\n<meta property=\"og:site_name\" content=\"Textillogistik f\u00f6r arbetskl\u00e4der till v\u00e5rd- och industriverksamheter\" \/>\n<meta property=\"article:modified_time\" content=\"2024-04-30T07:37:33+00:00\" \/>\n<meta property=\"og:image\" content=\"https:\/\/www.texisys.com\/wp-content\/uploads\/2023\/03\/Aalborg-SydPreben-Stentoft-7_cropped-small.jpg\" \/>\n\t<meta property=\"og:image:width\" content=\"1920\" \/>\n\t<meta property=\"og:image:height\" content=\"542\" \/>\n\t<meta property=\"og:image:type\" content=\"image\/jpeg\" \/>\n<meta name=\"twitter:card\" content=\"summary_large_image\" \/>\n<meta name=\"twitter:label1\" content=\"Est. reading time\" \/>\n\t<meta name=\"twitter:data1\" content=\"1 minute\" \/>\n<script type=\"application\/ld+json\" class=\"yoast-schema-graph\">{\"@context\":\"https:\\\/\\\/schema.org\",\"@graph\":[{\"@type\":\"WebPage\",\"@id\":\"https:\\\/\\\/www.texisys.com\\\/en\\\/texis-solutions-for-textile-handling\\\/\",\"url\":\"https:\\\/\\\/www.texisys.com\\\/en\\\/texis-solutions-for-textile-handling\\\/\",\"name\":\"Texi's solutions for textile handling\",\"isPartOf\":{\"@id\":\"https:\\\/\\\/www.texisys.com\\\/#website\"},\"primaryImageOfPage\":{\"@id\":\"https:\\\/\\\/www.texisys.com\\\/en\\\/texis-solutions-for-textile-handling\\\/#primaryimage\"},\"image\":{\"@id\":\"https:\\\/\\\/www.texisys.com\\\/en\\\/texis-solutions-for-textile-handling\\\/#primaryimage\"},\"thumbnailUrl\":\"https:\\\/\\\/www.texisys.com\\\/wp-content\\\/uploads\\\/2023\\\/03\\\/Aalborg-SydPreben-Stentoft-7_cropped-small.jpg\",\"datePublished\":\"2023-05-26T09:44:20+00:00\",\"dateModified\":\"2024-04-30T07:37:33+00:00\",\"description\":\"Texi Logistic Solution consists of several different products to obtain the optimal textile logistics\",\"breadcrumb\":{\"@id\":\"https:\\\/\\\/www.texisys.com\\\/en\\\/texis-solutions-for-textile-handling\\\/#breadcrumb\"},\"inLanguage\":\"en-US\",\"potentialAction\":[{\"@type\":\"ReadAction\",\"target\":[\"https:\\\/\\\/www.texisys.com\\\/en\\\/texis-solutions-for-textile-handling\\\/\"]}]},{\"@type\":\"ImageObject\",\"inLanguage\":\"en-US\",\"@id\":\"https:\\\/\\\/www.texisys.com\\\/en\\\/texis-solutions-for-textile-handling\\\/#primaryimage\",\"url\":\"https:\\\/\\\/www.texisys.com\\\/wp-content\\\/uploads\\\/2023\\\/03\\\/Aalborg-SydPreben-Stentoft-7_cropped-small.jpg\",\"contentUrl\":\"https:\\\/\\\/www.texisys.com\\\/wp-content\\\/uploads\\\/2023\\\/03\\\/Aalborg-SydPreben-Stentoft-7_cropped-small.jpg\",\"width\":1920,\"height\":542,\"caption\":\"Aalborg-SydPreben-Stentoft-7_cropped-small\"},{\"@type\":\"BreadcrumbList\",\"@id\":\"https:\\\/\\\/www.texisys.com\\\/en\\\/texis-solutions-for-textile-handling\\\/#breadcrumb\",\"itemListElement\":[{\"@type\":\"ListItem\",\"position\":1,\"name\":\"Hem\",\"item\":\"https:\\\/\\\/www.texisys.com\\\/en\\\/\"},{\"@type\":\"ListItem\",\"position\":2,\"name\":\"Texi&#8217;s solutions for textile handling\"}]},{\"@type\":\"WebSite\",\"@id\":\"https:\\\/\\\/www.texisys.com\\\/#website\",\"url\":\"https:\\\/\\\/www.texisys.com\\\/\",\"name\":\"Textillogistik f\u00f6r arbetskl\u00e4der till v\u00e5rd- och industriverksamheter\",\"description\":\"Vi f\u00f6renklar er hantering av arbetskl\u00e4der - full sp\u00e5rbarhet, minskat svinn, sparar tid, mindre lager m.m.\",\"publisher\":{\"@id\":\"https:\\\/\\\/www.texisys.com\\\/#organization\"},\"potentialAction\":[{\"@type\":\"SearchAction\",\"target\":{\"@type\":\"EntryPoint\",\"urlTemplate\":\"https:\\\/\\\/www.texisys.com\\\/?s={search_term_string}\"},\"query-input\":{\"@type\":\"PropertyValueSpecification\",\"valueRequired\":true,\"valueName\":\"search_term_string\"}}],\"inLanguage\":\"en-US\"},{\"@type\":\"Organization\",\"@id\":\"https:\\\/\\\/www.texisys.com\\\/#organization\",\"name\":\"Textilia\",\"url\":\"https:\\\/\\\/www.texisys.com\\\/\",\"logo\":{\"@type\":\"ImageObject\",\"inLanguage\":\"en-US\",\"@id\":\"https:\\\/\\\/www.texisys.com\\\/#\\\/schema\\\/logo\\\/image\\\/\",\"url\":\"https:\\\/\\\/www.texisys.com\\\/wp-content\\\/uploads\\\/2017\\\/04\\\/blogg_vardagshjalte-e1492608782771.jpg\",\"contentUrl\":\"https:\\\/\\\/www.texisys.com\\\/wp-content\\\/uploads\\\/2017\\\/04\\\/blogg_vardagshjalte-e1492608782771.jpg\",\"width\":1499,\"height\":1317,\"caption\":\"Textilia\"},\"image\":{\"@id\":\"https:\\\/\\\/www.texisys.com\\\/#\\\/schema\\\/logo\\\/image\\\/\"},\"sameAs\":[\"https:\\\/\\\/www.linkedin.com\\\/company\\\/texi-ab\\\/?originalSubdomain=se\"]}]}<\/script>\n<!-- \/ Yoast SEO plugin. -->","yoast_head_json":{"title":"Texi's solutions for textile handling","description":"Texi Logistic Solution consists of several different products to obtain the optimal textile logistics","robots":{"index":"index","follow":"follow","max-snippet":"max-snippet:-1","max-image-preview":"max-image-preview:large","max-video-preview":"max-video-preview:-1"},"canonical":"https:\/\/www.texisys.com\/en\/texis-solutions-for-textile-handling\/","og_locale":"en_US","og_type":"article","og_title":"Texi's solutions for textile handling","og_description":"Texi Logistic Solution consists of several different products to obtain the optimal textile logistics","og_url":"https:\/\/www.texisys.com\/en\/texis-solutions-for-textile-handling\/","og_site_name":"Textillogistik f\u00f6r arbetskl\u00e4der till v\u00e5rd- och industriverksamheter","article_modified_time":"2024-04-30T07:37:33+00:00","og_image":[{"width":1920,"height":542,"url":"https:\/\/www.texisys.com\/wp-content\/uploads\/2023\/03\/Aalborg-SydPreben-Stentoft-7_cropped-small.jpg","type":"image\/jpeg"}],"twitter_card":"summary_large_image","twitter_misc":{"Est. reading time":"1 minute"},"schema":{"@context":"https:\/\/schema.org","@graph":[{"@type":"WebPage","@id":"https:\/\/www.texisys.com\/en\/texis-solutions-for-textile-handling\/","url":"https:\/\/www.texisys.com\/en\/texis-solutions-for-textile-handling\/","name":"Texi's solutions for textile handling","isPartOf":{"@id":"https:\/\/www.texisys.com\/#website"},"primaryImageOfPage":{"@id":"https:\/\/www.texisys.com\/en\/texis-solutions-for-textile-handling\/#primaryimage"},"image":{"@id":"https:\/\/www.texisys.com\/en\/texis-solutions-for-textile-handling\/#primaryimage"},"thumbnailUrl":"https:\/\/www.texisys.com\/wp-content\/uploads\/2023\/03\/Aalborg-SydPreben-Stentoft-7_cropped-small.jpg","datePublished":"2023-05-26T09:44:20+00:00","dateModified":"2024-04-30T07:37:33+00:00","description":"Texi Logistic Solution consists of several different products to obtain the optimal textile logistics","breadcrumb":{"@id":"https:\/\/www.texisys.com\/en\/texis-solutions-for-textile-handling\/#breadcrumb"},"inLanguage":"en-US","potentialAction":[{"@type":"ReadAction","target":["https:\/\/www.texisys.com\/en\/texis-solutions-for-textile-handling\/"]}]},{"@type":"ImageObject","inLanguage":"en-US","@id":"https:\/\/www.texisys.com\/en\/texis-solutions-for-textile-handling\/#primaryimage","url":"https:\/\/www.texisys.com\/wp-content\/uploads\/2023\/03\/Aalborg-SydPreben-Stentoft-7_cropped-small.jpg","contentUrl":"https:\/\/www.texisys.com\/wp-content\/uploads\/2023\/03\/Aalborg-SydPreben-Stentoft-7_cropped-small.jpg","width":1920,"height":542,"caption":"Aalborg-SydPreben-Stentoft-7_cropped-small"},{"@type":"BreadcrumbList","@id":"https:\/\/www.texisys.com\/en\/texis-solutions-for-textile-handling\/#breadcrumb","itemListElement":[{"@type":"ListItem","position":1,"name":"Hem","item":"https:\/\/www.texisys.com\/en\/"},{"@type":"ListItem","position":2,"name":"Texi&#8217;s solutions for textile handling"}]},{"@type":"WebSite","@id":"https:\/\/www.texisys.com\/#website","url":"https:\/\/www.texisys.com\/","name":"Textillogistik f\u00f6r arbetskl\u00e4der till v\u00e5rd- och industriverksamheter","description":"Vi f\u00f6renklar er hantering av arbetskl\u00e4der - full sp\u00e5rbarhet, minskat svinn, sparar tid, mindre lager m.m.","publisher":{"@id":"https:\/\/www.texisys.com\/#organization"},"potentialAction":[{"@type":"SearchAction","target":{"@type":"EntryPoint","urlTemplate":"https:\/\/www.texisys.com\/?s={search_term_string}"},"query-input":{"@type":"PropertyValueSpecification","valueRequired":true,"valueName":"search_term_string"}}],"inLanguage":"en-US"},{"@type":"Organization","@id":"https:\/\/www.texisys.com\/#organization","name":"Textilia","url":"https:\/\/www.texisys.com\/","logo":{"@type":"ImageObject","inLanguage":"en-US","@id":"https:\/\/www.texisys.com\/#\/schema\/logo\/image\/","url":"https:\/\/www.texisys.com\/wp-content\/uploads\/2017\/04\/blogg_vardagshjalte-e1492608782771.jpg","contentUrl":"https:\/\/www.texisys.com\/wp-content\/uploads\/2017\/04\/blogg_vardagshjalte-e1492608782771.jpg","width":1499,"height":1317,"caption":"Textilia"},"image":{"@id":"https:\/\/www.texisys.com\/#\/schema\/logo\/image\/"},"sameAs":["https:\/\/www.linkedin.com\/company\/texi-ab\/?originalSubdomain=se"]}]}},"_links":{"self":[{"href":"https:\/\/www.texisys.com\/en\/wp-json\/wp\/v2\/pages\/4509","targetHints":{"allow":["GET"]}}],"collection":[{"href":"https:\/\/www.texisys.com\/en\/wp-json\/wp\/v2\/pages"}],"about":[{"href":"https:\/\/www.texisys.com\/en\/wp-json\/wp\/v2\/types\/page"}],"author":[{"embeddable":true,"href":"https:\/\/www.texisys.com\/en\/wp-json\/wp\/v2\/users\/15"}],"replies":[{"embeddable":true,"href":"https:\/\/www.texisys.com\/en\/wp-json\/wp\/v2\/comments?post=4509"}],"version-history":[{"count":0,"href":"https:\/\/www.texisys.com\/en\/wp-json\/wp\/v2\/pages\/4509\/revisions"}],"wp:featuredmedia":[{"embeddable":true,"href":"https:\/\/www.texisys.com\/en\/wp-json\/wp\/v2\/media\/4489"}],"wp:attachment":[{"href":"https:\/\/www.texisys.com\/en\/wp-json\/wp\/v2\/media?parent=4509"}],"curies":[{"name":"wp","href":"https:\/\/api.w.org\/{rel}","templated":true}]}}