{"id":4289,"date":"2020-09-30T11:41:43","date_gmt":"2020-09-30T10:41:43","guid":{"rendered":"https:\/\/www.texisys.com\/kunskapsarkiv\/"},"modified":"2024-04-25T12:52:46","modified_gmt":"2024-04-25T11:52:46","slug":"knowledgebase","status":"publish","type":"page","link":"https:\/\/www.texisys.com\/en\/knowledgebase\/","title":{"rendered":"Knowledge"},"content":{"rendered":"<p>Here you will find news and information about the development in textile logistics through our guides and blog posts, and in our FAQ, we answer frequently asked questions. If you do not find an answer to your question, <a href=\"https:\/\/www.texisys.com\/en\/contact\/\">please feel free to get back to us.<\/a><\/p>\n","protected":false},"excerpt":{"rendered":"<p>Here you will find news and information about the development in textile logistics through our guides and blog posts, and in our FAQ, we answer frequently asked questions. If you do not find an answer to your question, please feel free to get back to us.<\/p>\n","protected":false},"author":1,"featured_media":4285,"parent":0,"menu_order":0,"comment_status":"closed","ping_status":"closed","template":"","meta":{"_acf_changed":false,"footnotes":""},"class_list":["post-4289","page","type-page","status-publish","has-post-thumbnail","hentry"],"acf":[],"yoast_head":"<!-- This site is optimized with the Yoast SEO plugin v27.5 - https:\/\/yoast.com\/product\/yoast-seo-wordpress\/ -->\n<title>News &amp; information about the development in textile logistics<\/title>\n<meta name=\"description\" content=\"TEXI are experts in textile logistics, and in this archive, we share our knowledge with you through our guides, blog posts &amp; FAQ.\" \/>\n<meta name=\"robots\" content=\"index, follow, max-snippet:-1, max-image-preview:large, max-video-preview:-1\" \/>\n<link rel=\"canonical\" href=\"https:\/\/www.texisys.com\/en\/knowledgebase\/\" \/>\n<meta property=\"og:locale\" content=\"en_US\" \/>\n<meta property=\"og:type\" content=\"article\" \/>\n<meta property=\"og:title\" content=\"News &amp; information about the development in textile logistics\" \/>\n<meta property=\"og:description\" content=\"TEXI are experts in textile logistics, and in this archive, we share our knowledge with you through our guides, blog posts &amp; FAQ.\" \/>\n<meta property=\"og:url\" content=\"https:\/\/www.texisys.com\/en\/knowledgebase\/\" \/>\n<meta property=\"og:site_name\" content=\"Textillogistik f\u00f6r arbetskl\u00e4der till v\u00e5rd- och industriverksamheter\" \/>\n<meta property=\"article:modified_time\" content=\"2024-04-25T11:52:46+00:00\" \/>\n<meta property=\"og:image\" content=\"https:\/\/www.texisys.com\/wp-content\/uploads\/2020\/09\/hero-kunskapsarkiv.jpg\" \/>\n\t<meta property=\"og:image:width\" content=\"1920\" \/>\n\t<meta property=\"og:image:height\" content=\"1080\" \/>\n\t<meta property=\"og:image:type\" content=\"image\/jpeg\" \/>\n<meta name=\"twitter:card\" content=\"summary_large_image\" \/>\n<meta name=\"twitter:label1\" content=\"Est. reading time\" \/>\n\t<meta name=\"twitter:data1\" content=\"1 minute\" \/>\n<script type=\"application\/ld+json\" class=\"yoast-schema-graph\">{\"@context\":\"https:\\\/\\\/schema.org\",\"@graph\":[{\"@type\":\"WebPage\",\"@id\":\"https:\\\/\\\/www.texisys.com\\\/en\\\/knowledgebase\\\/\",\"url\":\"https:\\\/\\\/www.texisys.com\\\/en\\\/knowledgebase\\\/\",\"name\":\"News & information about the development in textile logistics\",\"isPartOf\":{\"@id\":\"https:\\\/\\\/www.texisys.com\\\/#website\"},\"primaryImageOfPage\":{\"@id\":\"https:\\\/\\\/www.texisys.com\\\/en\\\/knowledgebase\\\/#primaryimage\"},\"image\":{\"@id\":\"https:\\\/\\\/www.texisys.com\\\/en\\\/knowledgebase\\\/#primaryimage\"},\"thumbnailUrl\":\"https:\\\/\\\/www.texisys.com\\\/wp-content\\\/uploads\\\/2020\\\/09\\\/hero-kunskapsarkiv.jpg\",\"datePublished\":\"2020-09-30T10:41:43+00:00\",\"dateModified\":\"2024-04-25T11:52:46+00:00\",\"description\":\"TEXI are experts in textile logistics, and in this archive, we share our knowledge with you through our guides, blog posts & FAQ.\",\"breadcrumb\":{\"@id\":\"https:\\\/\\\/www.texisys.com\\\/en\\\/knowledgebase\\\/#breadcrumb\"},\"inLanguage\":\"en-US\",\"potentialAction\":[{\"@type\":\"ReadAction\",\"target\":[\"https:\\\/\\\/www.texisys.com\\\/en\\\/knowledgebase\\\/\"]}]},{\"@type\":\"ImageObject\",\"inLanguage\":\"en-US\",\"@id\":\"https:\\\/\\\/www.texisys.com\\\/en\\\/knowledgebase\\\/#primaryimage\",\"url\":\"https:\\\/\\\/www.texisys.com\\\/wp-content\\\/uploads\\\/2020\\\/09\\\/hero-kunskapsarkiv.jpg\",\"contentUrl\":\"https:\\\/\\\/www.texisys.com\\\/wp-content\\\/uploads\\\/2020\\\/09\\\/hero-kunskapsarkiv.jpg\",\"width\":1920,\"height\":1080,\"caption\":\"Hero bild kunskapsarkiv\"},{\"@type\":\"BreadcrumbList\",\"@id\":\"https:\\\/\\\/www.texisys.com\\\/en\\\/knowledgebase\\\/#breadcrumb\",\"itemListElement\":[{\"@type\":\"ListItem\",\"position\":1,\"name\":\"Hem\",\"item\":\"https:\\\/\\\/www.texisys.com\\\/en\\\/\"},{\"@type\":\"ListItem\",\"position\":2,\"name\":\"Knowledge\"}]},{\"@type\":\"WebSite\",\"@id\":\"https:\\\/\\\/www.texisys.com\\\/#website\",\"url\":\"https:\\\/\\\/www.texisys.com\\\/\",\"name\":\"Textillogistik f\u00f6r arbetskl\u00e4der till v\u00e5rd- och industriverksamheter\",\"description\":\"Vi f\u00f6renklar er hantering av arbetskl\u00e4der - full sp\u00e5rbarhet, minskat svinn, sparar tid, mindre lager m.m.\",\"publisher\":{\"@id\":\"https:\\\/\\\/www.texisys.com\\\/#organization\"},\"potentialAction\":[{\"@type\":\"SearchAction\",\"target\":{\"@type\":\"EntryPoint\",\"urlTemplate\":\"https:\\\/\\\/www.texisys.com\\\/?s={search_term_string}\"},\"query-input\":{\"@type\":\"PropertyValueSpecification\",\"valueRequired\":true,\"valueName\":\"search_term_string\"}}],\"inLanguage\":\"en-US\"},{\"@type\":\"Organization\",\"@id\":\"https:\\\/\\\/www.texisys.com\\\/#organization\",\"name\":\"Textilia\",\"url\":\"https:\\\/\\\/www.texisys.com\\\/\",\"logo\":{\"@type\":\"ImageObject\",\"inLanguage\":\"en-US\",\"@id\":\"https:\\\/\\\/www.texisys.com\\\/#\\\/schema\\\/logo\\\/image\\\/\",\"url\":\"https:\\\/\\\/www.texisys.com\\\/wp-content\\\/uploads\\\/2017\\\/04\\\/blogg_vardagshjalte-e1492608782771.jpg\",\"contentUrl\":\"https:\\\/\\\/www.texisys.com\\\/wp-content\\\/uploads\\\/2017\\\/04\\\/blogg_vardagshjalte-e1492608782771.jpg\",\"width\":1499,\"height\":1317,\"caption\":\"Textilia\"},\"image\":{\"@id\":\"https:\\\/\\\/www.texisys.com\\\/#\\\/schema\\\/logo\\\/image\\\/\"},\"sameAs\":[\"https:\\\/\\\/www.linkedin.com\\\/company\\\/texi-ab\\\/?originalSubdomain=se\"]}]}<\/script>\n<!-- \/ Yoast SEO plugin. -->","yoast_head_json":{"title":"News & information about the development in textile logistics","description":"TEXI are experts in textile logistics, and in this archive, we share our knowledge with you through our guides, blog posts & FAQ.","robots":{"index":"index","follow":"follow","max-snippet":"max-snippet:-1","max-image-preview":"max-image-preview:large","max-video-preview":"max-video-preview:-1"},"canonical":"https:\/\/www.texisys.com\/en\/knowledgebase\/","og_locale":"en_US","og_type":"article","og_title":"News & information about the development in textile logistics","og_description":"TEXI are experts in textile logistics, and in this archive, we share our knowledge with you through our guides, blog posts & FAQ.","og_url":"https:\/\/www.texisys.com\/en\/knowledgebase\/","og_site_name":"Textillogistik f\u00f6r arbetskl\u00e4der till v\u00e5rd- och industriverksamheter","article_modified_time":"2024-04-25T11:52:46+00:00","og_image":[{"width":1920,"height":1080,"url":"https:\/\/www.texisys.com\/wp-content\/uploads\/2020\/09\/hero-kunskapsarkiv.jpg","type":"image\/jpeg"}],"twitter_card":"summary_large_image","twitter_misc":{"Est. reading time":"1 minute"},"schema":{"@context":"https:\/\/schema.org","@graph":[{"@type":"WebPage","@id":"https:\/\/www.texisys.com\/en\/knowledgebase\/","url":"https:\/\/www.texisys.com\/en\/knowledgebase\/","name":"News & information about the development in textile logistics","isPartOf":{"@id":"https:\/\/www.texisys.com\/#website"},"primaryImageOfPage":{"@id":"https:\/\/www.texisys.com\/en\/knowledgebase\/#primaryimage"},"image":{"@id":"https:\/\/www.texisys.com\/en\/knowledgebase\/#primaryimage"},"thumbnailUrl":"https:\/\/www.texisys.com\/wp-content\/uploads\/2020\/09\/hero-kunskapsarkiv.jpg","datePublished":"2020-09-30T10:41:43+00:00","dateModified":"2024-04-25T11:52:46+00:00","description":"TEXI are experts in textile logistics, and in this archive, we share our knowledge with you through our guides, blog posts & FAQ.","breadcrumb":{"@id":"https:\/\/www.texisys.com\/en\/knowledgebase\/#breadcrumb"},"inLanguage":"en-US","potentialAction":[{"@type":"ReadAction","target":["https:\/\/www.texisys.com\/en\/knowledgebase\/"]}]},{"@type":"ImageObject","inLanguage":"en-US","@id":"https:\/\/www.texisys.com\/en\/knowledgebase\/#primaryimage","url":"https:\/\/www.texisys.com\/wp-content\/uploads\/2020\/09\/hero-kunskapsarkiv.jpg","contentUrl":"https:\/\/www.texisys.com\/wp-content\/uploads\/2020\/09\/hero-kunskapsarkiv.jpg","width":1920,"height":1080,"caption":"Hero bild kunskapsarkiv"},{"@type":"BreadcrumbList","@id":"https:\/\/www.texisys.com\/en\/knowledgebase\/#breadcrumb","itemListElement":[{"@type":"ListItem","position":1,"name":"Hem","item":"https:\/\/www.texisys.com\/en\/"},{"@type":"ListItem","position":2,"name":"Knowledge"}]},{"@type":"WebSite","@id":"https:\/\/www.texisys.com\/#website","url":"https:\/\/www.texisys.com\/","name":"Textillogistik f\u00f6r arbetskl\u00e4der till v\u00e5rd- och industriverksamheter","description":"Vi f\u00f6renklar er hantering av arbetskl\u00e4der - full sp\u00e5rbarhet, minskat svinn, sparar tid, mindre lager m.m.","publisher":{"@id":"https:\/\/www.texisys.com\/#organization"},"potentialAction":[{"@type":"SearchAction","target":{"@type":"EntryPoint","urlTemplate":"https:\/\/www.texisys.com\/?s={search_term_string}"},"query-input":{"@type":"PropertyValueSpecification","valueRequired":true,"valueName":"search_term_string"}}],"inLanguage":"en-US"},{"@type":"Organization","@id":"https:\/\/www.texisys.com\/#organization","name":"Textilia","url":"https:\/\/www.texisys.com\/","logo":{"@type":"ImageObject","inLanguage":"en-US","@id":"https:\/\/www.texisys.com\/#\/schema\/logo\/image\/","url":"https:\/\/www.texisys.com\/wp-content\/uploads\/2017\/04\/blogg_vardagshjalte-e1492608782771.jpg","contentUrl":"https:\/\/www.texisys.com\/wp-content\/uploads\/2017\/04\/blogg_vardagshjalte-e1492608782771.jpg","width":1499,"height":1317,"caption":"Textilia"},"image":{"@id":"https:\/\/www.texisys.com\/#\/schema\/logo\/image\/"},"sameAs":["https:\/\/www.linkedin.com\/company\/texi-ab\/?originalSubdomain=se"]}]}},"_links":{"self":[{"href":"https:\/\/www.texisys.com\/en\/wp-json\/wp\/v2\/pages\/4289","targetHints":{"allow":["GET"]}}],"collection":[{"href":"https:\/\/www.texisys.com\/en\/wp-json\/wp\/v2\/pages"}],"about":[{"href":"https:\/\/www.texisys.com\/en\/wp-json\/wp\/v2\/types\/page"}],"author":[{"embeddable":true,"href":"https:\/\/www.texisys.com\/en\/wp-json\/wp\/v2\/users\/1"}],"replies":[{"embeddable":true,"href":"https:\/\/www.texisys.com\/en\/wp-json\/wp\/v2\/comments?post=4289"}],"version-history":[{"count":0,"href":"https:\/\/www.texisys.com\/en\/wp-json\/wp\/v2\/pages\/4289\/revisions"}],"wp:featuredmedia":[{"embeddable":true,"href":"https:\/\/www.texisys.com\/en\/wp-json\/wp\/v2\/media\/4285"}],"wp:attachment":[{"href":"https:\/\/www.texisys.com\/en\/wp-json\/wp\/v2\/media?parent=4289"}],"curies":[{"name":"wp","href":"https:\/\/api.w.org\/{rel}","templated":true}]}}