{"id":3754,"date":"2019-01-17T14:53:15","date_gmt":"2019-01-17T13:53:15","guid":{"rendered":"https:\/\/www.texisys.com\/?page_id=3754"},"modified":"2024-05-15T09:46:47","modified_gmt":"2024-05-15T08:46:47","slug":"consultancy","status":"publish","type":"page","link":"https:\/\/www.texisys.com\/en\/textile-logistics-made-easy-2\/consultancy\/","title":{"rendered":"Guidance for work clothes logistics"},"content":{"rendered":"<h3>These challenges could be:<\/h3>\n<ul>\n<li style=\"font-weight: 400;\"><span style=\"font-weight: 400;\">Reaching an effective flow of textiles and staff at the premises<\/span><\/li>\n<li style=\"font-weight: 400;\"><span style=\"font-weight: 400;\">Establishing internal processes for administration and textile handling<\/span><\/li>\n<li style=\"font-weight: 400;\"><span style=\"font-weight: 400;\">Creating a solution that provides satisfied employees<\/span><\/li>\n<\/ul>\n<p><span style=\"font-weight: 400;\">In addition, the logistics solution should bring financial savings by reducing wastage and storage costs. At the same time, it&#8217;s important to ensure that hygiene requirements are met.<\/span><\/p>\n","protected":false},"excerpt":{"rendered":"<p>At Texi we always strive to find new solutions in order to streamline and simplify the logistics around work clothes. However, we know it can be challenging to achieve efficient, user friendly and profitable textile logistics, as there are many parameters to take into consideration.<\/p>\n","protected":false},"author":3,"featured_media":3423,"parent":3748,"menu_order":0,"comment_status":"closed","ping_status":"closed","template":"","meta":{"_acf_changed":false,"footnotes":""},"class_list":["post-3754","page","type-page","status-publish","has-post-thumbnail","hentry"],"acf":[],"yoast_head":"<!-- This site is optimized with the Yoast SEO plugin v27.4 - https:\/\/yoast.com\/product\/yoast-seo-wordpress\/ -->\n<title>Find the best logistics solution for your business with our help<\/title>\n<meta name=\"description\" content=\"\u221aEfficient flow of textiles and personnel in the premises \u221aInternal processes for administration and textile handling \u221aSatisfied staff\" \/>\n<meta name=\"robots\" content=\"index, follow, max-snippet:-1, max-image-preview:large, max-video-preview:-1\" \/>\n<link rel=\"canonical\" href=\"https:\/\/www.texisys.com\/en\/textile-logistics-made-easy-2\/consultancy\/\" \/>\n<meta property=\"og:locale\" content=\"en_US\" \/>\n<meta property=\"og:type\" content=\"article\" \/>\n<meta property=\"og:title\" content=\"Find the best logistics solution for your business with our help\" \/>\n<meta property=\"og:description\" content=\"\u221aEfficient flow of textiles and personnel in the premises \u221aInternal processes for administration and textile handling \u221aSatisfied staff\" \/>\n<meta property=\"og:url\" content=\"https:\/\/www.texisys.com\/en\/textile-logistics-made-easy-2\/consultancy\/\" \/>\n<meta property=\"og:site_name\" content=\"Textillogistik f\u00f6r arbetskl\u00e4der till v\u00e5rd- och industriverksamheter\" \/>\n<meta property=\"article:modified_time\" content=\"2024-05-15T08:46:47+00:00\" \/>\n<meta property=\"og:image\" content=\"https:\/\/www.texisys.com\/wp-content\/uploads\/2018\/12\/background-project_1.jpg\" \/>\n\t<meta property=\"og:image:width\" content=\"1920\" \/>\n\t<meta property=\"og:image:height\" content=\"626\" \/>\n\t<meta property=\"og:image:type\" content=\"image\/jpeg\" \/>\n<meta name=\"twitter:card\" content=\"summary_large_image\" \/>\n<meta name=\"twitter:label1\" content=\"Est. reading time\" \/>\n\t<meta name=\"twitter:data1\" content=\"1 minute\" \/>\n<script type=\"application\/ld+json\" class=\"yoast-schema-graph\">{\"@context\":\"https:\\\/\\\/schema.org\",\"@graph\":[{\"@type\":\"WebPage\",\"@id\":\"https:\\\/\\\/www.texisys.com\\\/en\\\/textile-logistics-made-easy-2\\\/consultancy\\\/\",\"url\":\"https:\\\/\\\/www.texisys.com\\\/en\\\/textile-logistics-made-easy-2\\\/consultancy\\\/\",\"name\":\"Find the best logistics solution for your business with our help\",\"isPartOf\":{\"@id\":\"https:\\\/\\\/www.texisys.com\\\/#website\"},\"primaryImageOfPage\":{\"@id\":\"https:\\\/\\\/www.texisys.com\\\/en\\\/textile-logistics-made-easy-2\\\/consultancy\\\/#primaryimage\"},\"image\":{\"@id\":\"https:\\\/\\\/www.texisys.com\\\/en\\\/textile-logistics-made-easy-2\\\/consultancy\\\/#primaryimage\"},\"thumbnailUrl\":\"https:\\\/\\\/www.texisys.com\\\/wp-content\\\/uploads\\\/2018\\\/12\\\/background-project_1.jpg\",\"datePublished\":\"2019-01-17T13:53:15+00:00\",\"dateModified\":\"2024-05-15T08:46:47+00:00\",\"description\":\"\u221aEfficient flow of textiles and personnel in the premises \u221aInternal processes for administration and textile handling \u221aSatisfied staff\",\"breadcrumb\":{\"@id\":\"https:\\\/\\\/www.texisys.com\\\/en\\\/textile-logistics-made-easy-2\\\/consultancy\\\/#breadcrumb\"},\"inLanguage\":\"en-US\",\"potentialAction\":[{\"@type\":\"ReadAction\",\"target\":[\"https:\\\/\\\/www.texisys.com\\\/en\\\/textile-logistics-made-easy-2\\\/consultancy\\\/\"]}]},{\"@type\":\"ImageObject\",\"inLanguage\":\"en-US\",\"@id\":\"https:\\\/\\\/www.texisys.com\\\/en\\\/textile-logistics-made-easy-2\\\/consultancy\\\/#primaryimage\",\"url\":\"https:\\\/\\\/www.texisys.com\\\/wp-content\\\/uploads\\\/2018\\\/12\\\/background-project_1.jpg\",\"contentUrl\":\"https:\\\/\\\/www.texisys.com\\\/wp-content\\\/uploads\\\/2018\\\/12\\\/background-project_1.jpg\",\"width\":1920,\"height\":626,\"caption\":\"project management, laptop, coffee cup, smartphone\"},{\"@type\":\"BreadcrumbList\",\"@id\":\"https:\\\/\\\/www.texisys.com\\\/en\\\/textile-logistics-made-easy-2\\\/consultancy\\\/#breadcrumb\",\"itemListElement\":[{\"@type\":\"ListItem\",\"position\":1,\"name\":\"Hem\",\"item\":\"https:\\\/\\\/www.texisys.com\\\/en\\\/\"},{\"@type\":\"ListItem\",\"position\":2,\"name\":\"Smarter textile logistics for your work clothes\",\"item\":\"https:\\\/\\\/www.texisys.com\\\/en\\\/textile-logistics-made-easy-2\\\/\"},{\"@type\":\"ListItem\",\"position\":3,\"name\":\"Guidance for work clothes logistics\"}]},{\"@type\":\"WebSite\",\"@id\":\"https:\\\/\\\/www.texisys.com\\\/#website\",\"url\":\"https:\\\/\\\/www.texisys.com\\\/\",\"name\":\"Textillogistik f\u00f6r arbetskl\u00e4der till v\u00e5rd- och industriverksamheter\",\"description\":\"Vi f\u00f6renklar er hantering av arbetskl\u00e4der - full sp\u00e5rbarhet, minskat svinn, sparar tid, mindre lager m.m.\",\"publisher\":{\"@id\":\"https:\\\/\\\/www.texisys.com\\\/#organization\"},\"potentialAction\":[{\"@type\":\"SearchAction\",\"target\":{\"@type\":\"EntryPoint\",\"urlTemplate\":\"https:\\\/\\\/www.texisys.com\\\/?s={search_term_string}\"},\"query-input\":{\"@type\":\"PropertyValueSpecification\",\"valueRequired\":true,\"valueName\":\"search_term_string\"}}],\"inLanguage\":\"en-US\"},{\"@type\":\"Organization\",\"@id\":\"https:\\\/\\\/www.texisys.com\\\/#organization\",\"name\":\"Textilia\",\"url\":\"https:\\\/\\\/www.texisys.com\\\/\",\"logo\":{\"@type\":\"ImageObject\",\"inLanguage\":\"en-US\",\"@id\":\"https:\\\/\\\/www.texisys.com\\\/#\\\/schema\\\/logo\\\/image\\\/\",\"url\":\"https:\\\/\\\/www.texisys.com\\\/wp-content\\\/uploads\\\/2017\\\/04\\\/blogg_vardagshjalte-e1492608782771.jpg\",\"contentUrl\":\"https:\\\/\\\/www.texisys.com\\\/wp-content\\\/uploads\\\/2017\\\/04\\\/blogg_vardagshjalte-e1492608782771.jpg\",\"width\":1499,\"height\":1317,\"caption\":\"Textilia\"},\"image\":{\"@id\":\"https:\\\/\\\/www.texisys.com\\\/#\\\/schema\\\/logo\\\/image\\\/\"},\"sameAs\":[\"https:\\\/\\\/www.linkedin.com\\\/company\\\/texi-ab\\\/?originalSubdomain=se\"]}]}<\/script>\n<!-- \/ Yoast SEO plugin. -->","yoast_head_json":{"title":"Find the best logistics solution for your business with our help","description":"\u221aEfficient flow of textiles and personnel in the premises \u221aInternal processes for administration and textile handling \u221aSatisfied staff","robots":{"index":"index","follow":"follow","max-snippet":"max-snippet:-1","max-image-preview":"max-image-preview:large","max-video-preview":"max-video-preview:-1"},"canonical":"https:\/\/www.texisys.com\/en\/textile-logistics-made-easy-2\/consultancy\/","og_locale":"en_US","og_type":"article","og_title":"Find the best logistics solution for your business with our help","og_description":"\u221aEfficient flow of textiles and personnel in the premises \u221aInternal processes for administration and textile handling \u221aSatisfied staff","og_url":"https:\/\/www.texisys.com\/en\/textile-logistics-made-easy-2\/consultancy\/","og_site_name":"Textillogistik f\u00f6r arbetskl\u00e4der till v\u00e5rd- och industriverksamheter","article_modified_time":"2024-05-15T08:46:47+00:00","og_image":[{"width":1920,"height":626,"url":"https:\/\/www.texisys.com\/wp-content\/uploads\/2018\/12\/background-project_1.jpg","type":"image\/jpeg"}],"twitter_card":"summary_large_image","twitter_misc":{"Est. reading time":"1 minute"},"schema":{"@context":"https:\/\/schema.org","@graph":[{"@type":"WebPage","@id":"https:\/\/www.texisys.com\/en\/textile-logistics-made-easy-2\/consultancy\/","url":"https:\/\/www.texisys.com\/en\/textile-logistics-made-easy-2\/consultancy\/","name":"Find the best logistics solution for your business with our help","isPartOf":{"@id":"https:\/\/www.texisys.com\/#website"},"primaryImageOfPage":{"@id":"https:\/\/www.texisys.com\/en\/textile-logistics-made-easy-2\/consultancy\/#primaryimage"},"image":{"@id":"https:\/\/www.texisys.com\/en\/textile-logistics-made-easy-2\/consultancy\/#primaryimage"},"thumbnailUrl":"https:\/\/www.texisys.com\/wp-content\/uploads\/2018\/12\/background-project_1.jpg","datePublished":"2019-01-17T13:53:15+00:00","dateModified":"2024-05-15T08:46:47+00:00","description":"\u221aEfficient flow of textiles and personnel in the premises \u221aInternal processes for administration and textile handling \u221aSatisfied staff","breadcrumb":{"@id":"https:\/\/www.texisys.com\/en\/textile-logistics-made-easy-2\/consultancy\/#breadcrumb"},"inLanguage":"en-US","potentialAction":[{"@type":"ReadAction","target":["https:\/\/www.texisys.com\/en\/textile-logistics-made-easy-2\/consultancy\/"]}]},{"@type":"ImageObject","inLanguage":"en-US","@id":"https:\/\/www.texisys.com\/en\/textile-logistics-made-easy-2\/consultancy\/#primaryimage","url":"https:\/\/www.texisys.com\/wp-content\/uploads\/2018\/12\/background-project_1.jpg","contentUrl":"https:\/\/www.texisys.com\/wp-content\/uploads\/2018\/12\/background-project_1.jpg","width":1920,"height":626,"caption":"project management, laptop, coffee cup, smartphone"},{"@type":"BreadcrumbList","@id":"https:\/\/www.texisys.com\/en\/textile-logistics-made-easy-2\/consultancy\/#breadcrumb","itemListElement":[{"@type":"ListItem","position":1,"name":"Hem","item":"https:\/\/www.texisys.com\/en\/"},{"@type":"ListItem","position":2,"name":"Smarter textile logistics for your work clothes","item":"https:\/\/www.texisys.com\/en\/textile-logistics-made-easy-2\/"},{"@type":"ListItem","position":3,"name":"Guidance for work clothes logistics"}]},{"@type":"WebSite","@id":"https:\/\/www.texisys.com\/#website","url":"https:\/\/www.texisys.com\/","name":"Textillogistik f\u00f6r arbetskl\u00e4der till v\u00e5rd- och industriverksamheter","description":"Vi f\u00f6renklar er hantering av arbetskl\u00e4der - full sp\u00e5rbarhet, minskat svinn, sparar tid, mindre lager m.m.","publisher":{"@id":"https:\/\/www.texisys.com\/#organization"},"potentialAction":[{"@type":"SearchAction","target":{"@type":"EntryPoint","urlTemplate":"https:\/\/www.texisys.com\/?s={search_term_string}"},"query-input":{"@type":"PropertyValueSpecification","valueRequired":true,"valueName":"search_term_string"}}],"inLanguage":"en-US"},{"@type":"Organization","@id":"https:\/\/www.texisys.com\/#organization","name":"Textilia","url":"https:\/\/www.texisys.com\/","logo":{"@type":"ImageObject","inLanguage":"en-US","@id":"https:\/\/www.texisys.com\/#\/schema\/logo\/image\/","url":"https:\/\/www.texisys.com\/wp-content\/uploads\/2017\/04\/blogg_vardagshjalte-e1492608782771.jpg","contentUrl":"https:\/\/www.texisys.com\/wp-content\/uploads\/2017\/04\/blogg_vardagshjalte-e1492608782771.jpg","width":1499,"height":1317,"caption":"Textilia"},"image":{"@id":"https:\/\/www.texisys.com\/#\/schema\/logo\/image\/"},"sameAs":["https:\/\/www.linkedin.com\/company\/texi-ab\/?originalSubdomain=se"]}]}},"_links":{"self":[{"href":"https:\/\/www.texisys.com\/en\/wp-json\/wp\/v2\/pages\/3754","targetHints":{"allow":["GET"]}}],"collection":[{"href":"https:\/\/www.texisys.com\/en\/wp-json\/wp\/v2\/pages"}],"about":[{"href":"https:\/\/www.texisys.com\/en\/wp-json\/wp\/v2\/types\/page"}],"author":[{"embeddable":true,"href":"https:\/\/www.texisys.com\/en\/wp-json\/wp\/v2\/users\/3"}],"replies":[{"embeddable":true,"href":"https:\/\/www.texisys.com\/en\/wp-json\/wp\/v2\/comments?post=3754"}],"version-history":[{"count":0,"href":"https:\/\/www.texisys.com\/en\/wp-json\/wp\/v2\/pages\/3754\/revisions"}],"up":[{"embeddable":true,"href":"https:\/\/www.texisys.com\/en\/wp-json\/wp\/v2\/pages\/3748"}],"wp:featuredmedia":[{"embeddable":true,"href":"https:\/\/www.texisys.com\/en\/wp-json\/wp\/v2\/media\/3423"}],"wp:attachment":[{"href":"https:\/\/www.texisys.com\/en\/wp-json\/wp\/v2\/media?parent=3754"}],"curies":[{"name":"wp","href":"https:\/\/api.w.org\/{rel}","templated":true}]}}