{"id":3734,"date":"2018-12-18T10:24:22","date_gmt":"2018-12-18T09:24:22","guid":{"rendered":"https:\/\/www.texisys.com\/our-products\/dispenser-cabinet\/"},"modified":"2024-04-18T13:40:33","modified_gmt":"2024-04-18T12:40:33","slug":"dispenser-cabinet","status":"publish","type":"page","link":"https:\/\/www.texisys.com\/en\/our-products\/dispenser-cabinet\/","title":{"rendered":"TEXI Dispenser Cabinets"},"content":{"rendered":"","protected":false},"excerpt":{"rendered":"<p>The TEXI Dispenser Cabinet gives staff easy access to the work clothes. Once the user has identified themselves with their entry card, the cabinet opens and the user can then take out the required garments.<\/p>\n","protected":false},"author":3,"featured_media":3429,"parent":3491,"menu_order":0,"comment_status":"closed","ping_status":"closed","template":"","meta":{"_acf_changed":false,"footnotes":""},"class_list":["post-3734","page","type-page","status-publish","has-post-thumbnail","hentry"],"acf":[],"yoast_head":"<!-- This site is optimized with the Yoast SEO plugin v27.4 - https:\/\/yoast.com\/product\/yoast-seo-wordpress\/ -->\n<title>Smart cabinets for quick &amp; controlled access to your work clothes<\/title>\n<meta name=\"description\" content=\"In TEXI Dispenser Cabinet, the work clothes are easily accessible to the staff. \u221aControlled withdrrawals \u221aOptimal hygiene \u221aFlexibility\" \/>\n<meta name=\"robots\" content=\"index, follow, max-snippet:-1, max-image-preview:large, max-video-preview:-1\" \/>\n<link rel=\"canonical\" href=\"https:\/\/www.texisys.com\/en\/our-products\/dispenser-cabinet\/\" \/>\n<meta property=\"og:locale\" content=\"en_US\" \/>\n<meta property=\"og:type\" content=\"article\" \/>\n<meta property=\"og:title\" content=\"Smart cabinets for quick &amp; controlled access to your work clothes\" \/>\n<meta property=\"og:description\" content=\"In TEXI Dispenser Cabinet, the work clothes are easily accessible to the staff. \u221aControlled withdrrawals \u221aOptimal hygiene \u221aFlexibility\" \/>\n<meta property=\"og:url\" content=\"https:\/\/www.texisys.com\/en\/our-products\/dispenser-cabinet\/\" \/>\n<meta property=\"og:site_name\" content=\"Textillogistik f\u00f6r arbetskl\u00e4der till v\u00e5rd- och industriverksamheter\" \/>\n<meta property=\"article:modified_time\" content=\"2024-04-18T12:40:33+00:00\" \/>\n<meta property=\"og:image\" content=\"https:\/\/www.texisys.com\/wp-content\/uploads\/2018\/12\/background-cabinets_1.jpg\" \/>\n\t<meta property=\"og:image:width\" content=\"1920\" \/>\n\t<meta property=\"og:image:height\" content=\"626\" \/>\n\t<meta property=\"og:image:type\" content=\"image\/jpeg\" \/>\n<meta name=\"twitter:card\" content=\"summary_large_image\" \/>\n<meta name=\"twitter:label1\" content=\"Est. reading time\" \/>\n\t<meta name=\"twitter:data1\" content=\"1 minute\" \/>\n<script type=\"application\/ld+json\" class=\"yoast-schema-graph\">{\"@context\":\"https:\\\/\\\/schema.org\",\"@graph\":[{\"@type\":\"WebPage\",\"@id\":\"https:\\\/\\\/www.texisys.com\\\/en\\\/our-products\\\/dispenser-cabinet\\\/\",\"url\":\"https:\\\/\\\/www.texisys.com\\\/en\\\/our-products\\\/dispenser-cabinet\\\/\",\"name\":\"Smart cabinets for quick & controlled access to your work clothes\",\"isPartOf\":{\"@id\":\"https:\\\/\\\/www.texisys.com\\\/#website\"},\"primaryImageOfPage\":{\"@id\":\"https:\\\/\\\/www.texisys.com\\\/en\\\/our-products\\\/dispenser-cabinet\\\/#primaryimage\"},\"image\":{\"@id\":\"https:\\\/\\\/www.texisys.com\\\/en\\\/our-products\\\/dispenser-cabinet\\\/#primaryimage\"},\"thumbnailUrl\":\"https:\\\/\\\/www.texisys.com\\\/wp-content\\\/uploads\\\/2018\\\/12\\\/background-cabinets_1.jpg\",\"datePublished\":\"2018-12-18T09:24:22+00:00\",\"dateModified\":\"2024-04-18T12:40:33+00:00\",\"description\":\"In TEXI Dispenser Cabinet, the work clothes are easily accessible to the staff. \u221aControlled withdrrawals \u221aOptimal hygiene \u221aFlexibility\",\"breadcrumb\":{\"@id\":\"https:\\\/\\\/www.texisys.com\\\/en\\\/our-products\\\/dispenser-cabinet\\\/#breadcrumb\"},\"inLanguage\":\"en-US\",\"potentialAction\":[{\"@type\":\"ReadAction\",\"target\":[\"https:\\\/\\\/www.texisys.com\\\/en\\\/our-products\\\/dispenser-cabinet\\\/\"]}]},{\"@type\":\"ImageObject\",\"inLanguage\":\"en-US\",\"@id\":\"https:\\\/\\\/www.texisys.com\\\/en\\\/our-products\\\/dispenser-cabinet\\\/#primaryimage\",\"url\":\"https:\\\/\\\/www.texisys.com\\\/wp-content\\\/uploads\\\/2018\\\/12\\\/background-cabinets_1.jpg\",\"contentUrl\":\"https:\\\/\\\/www.texisys.com\\\/wp-content\\\/uploads\\\/2018\\\/12\\\/background-cabinets_1.jpg\",\"width\":1920,\"height\":626,\"caption\":\"Texi dispenser cabinets, smart closet stands in a row, white shade\"},{\"@type\":\"BreadcrumbList\",\"@id\":\"https:\\\/\\\/www.texisys.com\\\/en\\\/our-products\\\/dispenser-cabinet\\\/#breadcrumb\",\"itemListElement\":[{\"@type\":\"ListItem\",\"position\":1,\"name\":\"Hem\",\"item\":\"https:\\\/\\\/www.texisys.com\\\/en\\\/\"},{\"@type\":\"ListItem\",\"position\":2,\"name\":\"Our products\",\"item\":\"https:\\\/\\\/www.texisys.com\\\/en\\\/our-products\\\/\"},{\"@type\":\"ListItem\",\"position\":3,\"name\":\"TEXI Dispenser Cabinets\"}]},{\"@type\":\"WebSite\",\"@id\":\"https:\\\/\\\/www.texisys.com\\\/#website\",\"url\":\"https:\\\/\\\/www.texisys.com\\\/\",\"name\":\"Textillogistik f\u00f6r arbetskl\u00e4der till v\u00e5rd- och industriverksamheter\",\"description\":\"Vi f\u00f6renklar er hantering av arbetskl\u00e4der - full sp\u00e5rbarhet, minskat svinn, sparar tid, mindre lager m.m.\",\"publisher\":{\"@id\":\"https:\\\/\\\/www.texisys.com\\\/#organization\"},\"potentialAction\":[{\"@type\":\"SearchAction\",\"target\":{\"@type\":\"EntryPoint\",\"urlTemplate\":\"https:\\\/\\\/www.texisys.com\\\/?s={search_term_string}\"},\"query-input\":{\"@type\":\"PropertyValueSpecification\",\"valueRequired\":true,\"valueName\":\"search_term_string\"}}],\"inLanguage\":\"en-US\"},{\"@type\":\"Organization\",\"@id\":\"https:\\\/\\\/www.texisys.com\\\/#organization\",\"name\":\"Textilia\",\"url\":\"https:\\\/\\\/www.texisys.com\\\/\",\"logo\":{\"@type\":\"ImageObject\",\"inLanguage\":\"en-US\",\"@id\":\"https:\\\/\\\/www.texisys.com\\\/#\\\/schema\\\/logo\\\/image\\\/\",\"url\":\"https:\\\/\\\/www.texisys.com\\\/wp-content\\\/uploads\\\/2017\\\/04\\\/blogg_vardagshjalte-e1492608782771.jpg\",\"contentUrl\":\"https:\\\/\\\/www.texisys.com\\\/wp-content\\\/uploads\\\/2017\\\/04\\\/blogg_vardagshjalte-e1492608782771.jpg\",\"width\":1499,\"height\":1317,\"caption\":\"Textilia\"},\"image\":{\"@id\":\"https:\\\/\\\/www.texisys.com\\\/#\\\/schema\\\/logo\\\/image\\\/\"},\"sameAs\":[\"https:\\\/\\\/www.linkedin.com\\\/company\\\/texi-ab\\\/?originalSubdomain=se\"]}]}<\/script>\n<!-- \/ Yoast SEO plugin. -->","yoast_head_json":{"title":"Smart cabinets for quick & controlled access to your work clothes","description":"In TEXI Dispenser Cabinet, the work clothes are easily accessible to the staff. \u221aControlled withdrrawals \u221aOptimal hygiene \u221aFlexibility","robots":{"index":"index","follow":"follow","max-snippet":"max-snippet:-1","max-image-preview":"max-image-preview:large","max-video-preview":"max-video-preview:-1"},"canonical":"https:\/\/www.texisys.com\/en\/our-products\/dispenser-cabinet\/","og_locale":"en_US","og_type":"article","og_title":"Smart cabinets for quick & controlled access to your work clothes","og_description":"In TEXI Dispenser Cabinet, the work clothes are easily accessible to the staff. \u221aControlled withdrrawals \u221aOptimal hygiene \u221aFlexibility","og_url":"https:\/\/www.texisys.com\/en\/our-products\/dispenser-cabinet\/","og_site_name":"Textillogistik f\u00f6r arbetskl\u00e4der till v\u00e5rd- och industriverksamheter","article_modified_time":"2024-04-18T12:40:33+00:00","og_image":[{"width":1920,"height":626,"url":"https:\/\/www.texisys.com\/wp-content\/uploads\/2018\/12\/background-cabinets_1.jpg","type":"image\/jpeg"}],"twitter_card":"summary_large_image","twitter_misc":{"Est. reading time":"1 minute"},"schema":{"@context":"https:\/\/schema.org","@graph":[{"@type":"WebPage","@id":"https:\/\/www.texisys.com\/en\/our-products\/dispenser-cabinet\/","url":"https:\/\/www.texisys.com\/en\/our-products\/dispenser-cabinet\/","name":"Smart cabinets for quick & controlled access to your work clothes","isPartOf":{"@id":"https:\/\/www.texisys.com\/#website"},"primaryImageOfPage":{"@id":"https:\/\/www.texisys.com\/en\/our-products\/dispenser-cabinet\/#primaryimage"},"image":{"@id":"https:\/\/www.texisys.com\/en\/our-products\/dispenser-cabinet\/#primaryimage"},"thumbnailUrl":"https:\/\/www.texisys.com\/wp-content\/uploads\/2018\/12\/background-cabinets_1.jpg","datePublished":"2018-12-18T09:24:22+00:00","dateModified":"2024-04-18T12:40:33+00:00","description":"In TEXI Dispenser Cabinet, the work clothes are easily accessible to the staff. \u221aControlled withdrrawals \u221aOptimal hygiene \u221aFlexibility","breadcrumb":{"@id":"https:\/\/www.texisys.com\/en\/our-products\/dispenser-cabinet\/#breadcrumb"},"inLanguage":"en-US","potentialAction":[{"@type":"ReadAction","target":["https:\/\/www.texisys.com\/en\/our-products\/dispenser-cabinet\/"]}]},{"@type":"ImageObject","inLanguage":"en-US","@id":"https:\/\/www.texisys.com\/en\/our-products\/dispenser-cabinet\/#primaryimage","url":"https:\/\/www.texisys.com\/wp-content\/uploads\/2018\/12\/background-cabinets_1.jpg","contentUrl":"https:\/\/www.texisys.com\/wp-content\/uploads\/2018\/12\/background-cabinets_1.jpg","width":1920,"height":626,"caption":"Texi dispenser cabinets, smart closet stands in a row, white shade"},{"@type":"BreadcrumbList","@id":"https:\/\/www.texisys.com\/en\/our-products\/dispenser-cabinet\/#breadcrumb","itemListElement":[{"@type":"ListItem","position":1,"name":"Hem","item":"https:\/\/www.texisys.com\/en\/"},{"@type":"ListItem","position":2,"name":"Our products","item":"https:\/\/www.texisys.com\/en\/our-products\/"},{"@type":"ListItem","position":3,"name":"TEXI Dispenser Cabinets"}]},{"@type":"WebSite","@id":"https:\/\/www.texisys.com\/#website","url":"https:\/\/www.texisys.com\/","name":"Textillogistik f\u00f6r arbetskl\u00e4der till v\u00e5rd- och industriverksamheter","description":"Vi f\u00f6renklar er hantering av arbetskl\u00e4der - full sp\u00e5rbarhet, minskat svinn, sparar tid, mindre lager m.m.","publisher":{"@id":"https:\/\/www.texisys.com\/#organization"},"potentialAction":[{"@type":"SearchAction","target":{"@type":"EntryPoint","urlTemplate":"https:\/\/www.texisys.com\/?s={search_term_string}"},"query-input":{"@type":"PropertyValueSpecification","valueRequired":true,"valueName":"search_term_string"}}],"inLanguage":"en-US"},{"@type":"Organization","@id":"https:\/\/www.texisys.com\/#organization","name":"Textilia","url":"https:\/\/www.texisys.com\/","logo":{"@type":"ImageObject","inLanguage":"en-US","@id":"https:\/\/www.texisys.com\/#\/schema\/logo\/image\/","url":"https:\/\/www.texisys.com\/wp-content\/uploads\/2017\/04\/blogg_vardagshjalte-e1492608782771.jpg","contentUrl":"https:\/\/www.texisys.com\/wp-content\/uploads\/2017\/04\/blogg_vardagshjalte-e1492608782771.jpg","width":1499,"height":1317,"caption":"Textilia"},"image":{"@id":"https:\/\/www.texisys.com\/#\/schema\/logo\/image\/"},"sameAs":["https:\/\/www.linkedin.com\/company\/texi-ab\/?originalSubdomain=se"]}]}},"_links":{"self":[{"href":"https:\/\/www.texisys.com\/en\/wp-json\/wp\/v2\/pages\/3734","targetHints":{"allow":["GET"]}}],"collection":[{"href":"https:\/\/www.texisys.com\/en\/wp-json\/wp\/v2\/pages"}],"about":[{"href":"https:\/\/www.texisys.com\/en\/wp-json\/wp\/v2\/types\/page"}],"author":[{"embeddable":true,"href":"https:\/\/www.texisys.com\/en\/wp-json\/wp\/v2\/users\/3"}],"replies":[{"embeddable":true,"href":"https:\/\/www.texisys.com\/en\/wp-json\/wp\/v2\/comments?post=3734"}],"version-history":[{"count":0,"href":"https:\/\/www.texisys.com\/en\/wp-json\/wp\/v2\/pages\/3734\/revisions"}],"up":[{"embeddable":true,"href":"https:\/\/www.texisys.com\/en\/wp-json\/wp\/v2\/pages\/3491"}],"wp:featuredmedia":[{"embeddable":true,"href":"https:\/\/www.texisys.com\/en\/wp-json\/wp\/v2\/media\/3429"}],"wp:attachment":[{"href":"https:\/\/www.texisys.com\/en\/wp-json\/wp\/v2\/media?parent=3734"}],"curies":[{"name":"wp","href":"https:\/\/api.w.org\/{rel}","templated":true}]}}