{"id":3722,"date":"2018-12-19T11:18:14","date_gmt":"2018-12-19T10:18:14","guid":{"rendered":"https:\/\/www.texisys.com\/our-products\/management-system\/"},"modified":"2024-04-19T12:49:00","modified_gmt":"2024-04-19T11:49:00","slug":"management-system","status":"publish","type":"page","link":"https:\/\/www.texisys.com\/en\/our-products\/management-system\/","title":{"rendered":"TEXI Management System"},"content":{"rendered":"<p>With TEXI Management System (TMS),\u00a0administrators\u00a0are given a comprehensive overview of garment\u00a0management and\u00a0can follow the garment\u2019s life-cycle and easily manage administration of the entire system.\u00a0The software application is linked to your\u00a0laundry\u00a0service partner,\u00a0which\u00a0enables\u00a0communication in\u00a0real-time\u00a0and\u00a0regular\u00a0updates\u00a0on\u00a0orders and stock management.<\/p>\n<p>This allows you to be one step ahead and ensure that the\u00a0right quantity of\u00a0items\u00a0is in stock at all times. The software application also provides you with detailed statistics concerning\u00a0of\u00a0every single item\u00a0so\u00a0you can\u00a0optimise\u00a0your\u00a0textile\u00a0stock\u00a0in the best possible way.<\/p>\n","protected":false},"excerpt":{"rendered":"<p>TEXI Management System (TMS) is the collective term for the database and administration tool which forms both the heart and brain of the logistics solution.   <\/p>\n","protected":false},"author":3,"featured_media":3437,"parent":3491,"menu_order":0,"comment_status":"closed","ping_status":"closed","template":"","meta":{"_acf_changed":false,"footnotes":""},"class_list":["post-3722","page","type-page","status-publish","has-post-thumbnail","hentry"],"acf":[],"yoast_head":"<!-- This site is optimized with the Yoast SEO plugin v27.3 - https:\/\/yoast.com\/product\/yoast-seo-wordpress\/ -->\n<title>Full control of textile logistics in real time | TEXI\u2122<\/title>\n<meta name=\"description\" content=\"Statistics and information on workwear in real time. \u221aOptimates orders \u221aIdentifies textile flows \u221a Traceability at individual level etc.\" \/>\n<meta name=\"robots\" content=\"index, follow, max-snippet:-1, max-image-preview:large, max-video-preview:-1\" \/>\n<link rel=\"canonical\" href=\"https:\/\/www.texisys.com\/en\/our-products\/management-system\/\" \/>\n<meta property=\"og:locale\" content=\"en_US\" \/>\n<meta property=\"og:type\" content=\"article\" \/>\n<meta property=\"og:title\" content=\"Full control of textile logistics in real time | TEXI\u2122\" \/>\n<meta property=\"og:description\" content=\"Statistics and information on workwear in real time. \u221aOptimates orders \u221aIdentifies textile flows \u221a Traceability at individual level etc.\" \/>\n<meta property=\"og:url\" content=\"https:\/\/www.texisys.com\/en\/our-products\/management-system\/\" \/>\n<meta property=\"og:site_name\" content=\"Textillogistik f\u00f6r arbetskl\u00e4der till v\u00e5rd- och industriverksamheter\" \/>\n<meta property=\"article:modified_time\" content=\"2024-04-19T11:49:00+00:00\" \/>\n<meta property=\"og:image\" content=\"https:\/\/www.texisys.com\/wp-content\/uploads\/2018\/12\/background-management_1.jpg\" \/>\n\t<meta property=\"og:image:width\" content=\"1920\" \/>\n\t<meta property=\"og:image:height\" content=\"626\" \/>\n\t<meta property=\"og:image:type\" content=\"image\/jpeg\" \/>\n<meta name=\"twitter:card\" content=\"summary_large_image\" \/>\n<meta name=\"twitter:label1\" content=\"Est. reading time\" \/>\n\t<meta name=\"twitter:data1\" content=\"1 minute\" \/>\n<script type=\"application\/ld+json\" class=\"yoast-schema-graph\">{\"@context\":\"https:\\\/\\\/schema.org\",\"@graph\":[{\"@type\":\"WebPage\",\"@id\":\"https:\\\/\\\/www.texisys.com\\\/en\\\/our-products\\\/management-system\\\/\",\"url\":\"https:\\\/\\\/www.texisys.com\\\/en\\\/our-products\\\/management-system\\\/\",\"name\":\"Full control of textile logistics in real time | TEXI\u2122\",\"isPartOf\":{\"@id\":\"https:\\\/\\\/www.texisys.com\\\/#website\"},\"primaryImageOfPage\":{\"@id\":\"https:\\\/\\\/www.texisys.com\\\/en\\\/our-products\\\/management-system\\\/#primaryimage\"},\"image\":{\"@id\":\"https:\\\/\\\/www.texisys.com\\\/en\\\/our-products\\\/management-system\\\/#primaryimage\"},\"thumbnailUrl\":\"https:\\\/\\\/www.texisys.com\\\/wp-content\\\/uploads\\\/2018\\\/12\\\/background-management_1.jpg\",\"datePublished\":\"2018-12-19T10:18:14+00:00\",\"dateModified\":\"2024-04-19T11:49:00+00:00\",\"description\":\"Statistics and information on workwear in real time. \u221aOptimates orders \u221aIdentifies textile flows \u221a Traceability at individual level etc.\",\"breadcrumb\":{\"@id\":\"https:\\\/\\\/www.texisys.com\\\/en\\\/our-products\\\/management-system\\\/#breadcrumb\"},\"inLanguage\":\"en-US\",\"potentialAction\":[{\"@type\":\"ReadAction\",\"target\":[\"https:\\\/\\\/www.texisys.com\\\/en\\\/our-products\\\/management-system\\\/\"]}]},{\"@type\":\"ImageObject\",\"inLanguage\":\"en-US\",\"@id\":\"https:\\\/\\\/www.texisys.com\\\/en\\\/our-products\\\/management-system\\\/#primaryimage\",\"url\":\"https:\\\/\\\/www.texisys.com\\\/wp-content\\\/uploads\\\/2018\\\/12\\\/background-management_1.jpg\",\"contentUrl\":\"https:\\\/\\\/www.texisys.com\\\/wp-content\\\/uploads\\\/2018\\\/12\\\/background-management_1.jpg\",\"width\":1920,\"height\":626,\"caption\":\"laptop with software statistics clothing management texi management system\"},{\"@type\":\"BreadcrumbList\",\"@id\":\"https:\\\/\\\/www.texisys.com\\\/en\\\/our-products\\\/management-system\\\/#breadcrumb\",\"itemListElement\":[{\"@type\":\"ListItem\",\"position\":1,\"name\":\"Hem\",\"item\":\"https:\\\/\\\/www.texisys.com\\\/en\\\/\"},{\"@type\":\"ListItem\",\"position\":2,\"name\":\"Our products\",\"item\":\"https:\\\/\\\/www.texisys.com\\\/en\\\/our-products\\\/\"},{\"@type\":\"ListItem\",\"position\":3,\"name\":\"TEXI Management System\"}]},{\"@type\":\"WebSite\",\"@id\":\"https:\\\/\\\/www.texisys.com\\\/#website\",\"url\":\"https:\\\/\\\/www.texisys.com\\\/\",\"name\":\"Textillogistik f\u00f6r arbetskl\u00e4der till v\u00e5rd- och industriverksamheter\",\"description\":\"Vi f\u00f6renklar er hantering av arbetskl\u00e4der - full sp\u00e5rbarhet, minskat svinn, sparar tid, mindre lager m.m.\",\"publisher\":{\"@id\":\"https:\\\/\\\/www.texisys.com\\\/#organization\"},\"potentialAction\":[{\"@type\":\"SearchAction\",\"target\":{\"@type\":\"EntryPoint\",\"urlTemplate\":\"https:\\\/\\\/www.texisys.com\\\/?s={search_term_string}\"},\"query-input\":{\"@type\":\"PropertyValueSpecification\",\"valueRequired\":true,\"valueName\":\"search_term_string\"}}],\"inLanguage\":\"en-US\"},{\"@type\":\"Organization\",\"@id\":\"https:\\\/\\\/www.texisys.com\\\/#organization\",\"name\":\"Textilia\",\"url\":\"https:\\\/\\\/www.texisys.com\\\/\",\"logo\":{\"@type\":\"ImageObject\",\"inLanguage\":\"en-US\",\"@id\":\"https:\\\/\\\/www.texisys.com\\\/#\\\/schema\\\/logo\\\/image\\\/\",\"url\":\"https:\\\/\\\/www.texisys.com\\\/wp-content\\\/uploads\\\/2017\\\/04\\\/blogg_vardagshjalte-e1492608782771.jpg\",\"contentUrl\":\"https:\\\/\\\/www.texisys.com\\\/wp-content\\\/uploads\\\/2017\\\/04\\\/blogg_vardagshjalte-e1492608782771.jpg\",\"width\":1499,\"height\":1317,\"caption\":\"Textilia\"},\"image\":{\"@id\":\"https:\\\/\\\/www.texisys.com\\\/#\\\/schema\\\/logo\\\/image\\\/\"},\"sameAs\":[\"https:\\\/\\\/www.linkedin.com\\\/company\\\/texi-ab\\\/?originalSubdomain=se\"]}]}<\/script>\n<!-- \/ Yoast SEO plugin. -->","yoast_head_json":{"title":"Full control of textile logistics in real time | TEXI\u2122","description":"Statistics and information on workwear in real time. \u221aOptimates orders \u221aIdentifies textile flows \u221a Traceability at individual level etc.","robots":{"index":"index","follow":"follow","max-snippet":"max-snippet:-1","max-image-preview":"max-image-preview:large","max-video-preview":"max-video-preview:-1"},"canonical":"https:\/\/www.texisys.com\/en\/our-products\/management-system\/","og_locale":"en_US","og_type":"article","og_title":"Full control of textile logistics in real time | TEXI\u2122","og_description":"Statistics and information on workwear in real time. \u221aOptimates orders \u221aIdentifies textile flows \u221a Traceability at individual level etc.","og_url":"https:\/\/www.texisys.com\/en\/our-products\/management-system\/","og_site_name":"Textillogistik f\u00f6r arbetskl\u00e4der till v\u00e5rd- och industriverksamheter","article_modified_time":"2024-04-19T11:49:00+00:00","og_image":[{"width":1920,"height":626,"url":"https:\/\/www.texisys.com\/wp-content\/uploads\/2018\/12\/background-management_1.jpg","type":"image\/jpeg"}],"twitter_card":"summary_large_image","twitter_misc":{"Est. reading time":"1 minute"},"schema":{"@context":"https:\/\/schema.org","@graph":[{"@type":"WebPage","@id":"https:\/\/www.texisys.com\/en\/our-products\/management-system\/","url":"https:\/\/www.texisys.com\/en\/our-products\/management-system\/","name":"Full control of textile logistics in real time | TEXI\u2122","isPartOf":{"@id":"https:\/\/www.texisys.com\/#website"},"primaryImageOfPage":{"@id":"https:\/\/www.texisys.com\/en\/our-products\/management-system\/#primaryimage"},"image":{"@id":"https:\/\/www.texisys.com\/en\/our-products\/management-system\/#primaryimage"},"thumbnailUrl":"https:\/\/www.texisys.com\/wp-content\/uploads\/2018\/12\/background-management_1.jpg","datePublished":"2018-12-19T10:18:14+00:00","dateModified":"2024-04-19T11:49:00+00:00","description":"Statistics and information on workwear in real time. \u221aOptimates orders \u221aIdentifies textile flows \u221a Traceability at individual level etc.","breadcrumb":{"@id":"https:\/\/www.texisys.com\/en\/our-products\/management-system\/#breadcrumb"},"inLanguage":"en-US","potentialAction":[{"@type":"ReadAction","target":["https:\/\/www.texisys.com\/en\/our-products\/management-system\/"]}]},{"@type":"ImageObject","inLanguage":"en-US","@id":"https:\/\/www.texisys.com\/en\/our-products\/management-system\/#primaryimage","url":"https:\/\/www.texisys.com\/wp-content\/uploads\/2018\/12\/background-management_1.jpg","contentUrl":"https:\/\/www.texisys.com\/wp-content\/uploads\/2018\/12\/background-management_1.jpg","width":1920,"height":626,"caption":"laptop with software statistics clothing management texi management system"},{"@type":"BreadcrumbList","@id":"https:\/\/www.texisys.com\/en\/our-products\/management-system\/#breadcrumb","itemListElement":[{"@type":"ListItem","position":1,"name":"Hem","item":"https:\/\/www.texisys.com\/en\/"},{"@type":"ListItem","position":2,"name":"Our products","item":"https:\/\/www.texisys.com\/en\/our-products\/"},{"@type":"ListItem","position":3,"name":"TEXI Management System"}]},{"@type":"WebSite","@id":"https:\/\/www.texisys.com\/#website","url":"https:\/\/www.texisys.com\/","name":"Textillogistik f\u00f6r arbetskl\u00e4der till v\u00e5rd- och industriverksamheter","description":"Vi f\u00f6renklar er hantering av arbetskl\u00e4der - full sp\u00e5rbarhet, minskat svinn, sparar tid, mindre lager m.m.","publisher":{"@id":"https:\/\/www.texisys.com\/#organization"},"potentialAction":[{"@type":"SearchAction","target":{"@type":"EntryPoint","urlTemplate":"https:\/\/www.texisys.com\/?s={search_term_string}"},"query-input":{"@type":"PropertyValueSpecification","valueRequired":true,"valueName":"search_term_string"}}],"inLanguage":"en-US"},{"@type":"Organization","@id":"https:\/\/www.texisys.com\/#organization","name":"Textilia","url":"https:\/\/www.texisys.com\/","logo":{"@type":"ImageObject","inLanguage":"en-US","@id":"https:\/\/www.texisys.com\/#\/schema\/logo\/image\/","url":"https:\/\/www.texisys.com\/wp-content\/uploads\/2017\/04\/blogg_vardagshjalte-e1492608782771.jpg","contentUrl":"https:\/\/www.texisys.com\/wp-content\/uploads\/2017\/04\/blogg_vardagshjalte-e1492608782771.jpg","width":1499,"height":1317,"caption":"Textilia"},"image":{"@id":"https:\/\/www.texisys.com\/#\/schema\/logo\/image\/"},"sameAs":["https:\/\/www.linkedin.com\/company\/texi-ab\/?originalSubdomain=se"]}]}},"_links":{"self":[{"href":"https:\/\/www.texisys.com\/en\/wp-json\/wp\/v2\/pages\/3722","targetHints":{"allow":["GET"]}}],"collection":[{"href":"https:\/\/www.texisys.com\/en\/wp-json\/wp\/v2\/pages"}],"about":[{"href":"https:\/\/www.texisys.com\/en\/wp-json\/wp\/v2\/types\/page"}],"author":[{"embeddable":true,"href":"https:\/\/www.texisys.com\/en\/wp-json\/wp\/v2\/users\/3"}],"replies":[{"embeddable":true,"href":"https:\/\/www.texisys.com\/en\/wp-json\/wp\/v2\/comments?post=3722"}],"version-history":[{"count":0,"href":"https:\/\/www.texisys.com\/en\/wp-json\/wp\/v2\/pages\/3722\/revisions"}],"up":[{"embeddable":true,"href":"https:\/\/www.texisys.com\/en\/wp-json\/wp\/v2\/pages\/3491"}],"wp:featuredmedia":[{"embeddable":true,"href":"https:\/\/www.texisys.com\/en\/wp-json\/wp\/v2\/media\/3437"}],"wp:attachment":[{"href":"https:\/\/www.texisys.com\/en\/wp-json\/wp\/v2\/media?parent=3722"}],"curies":[{"name":"wp","href":"https:\/\/api.w.org\/{rel}","templated":true}]}}