{"id":3207,"date":"2018-10-17T07:57:51","date_gmt":"2018-10-17T06:57:51","guid":{"rendered":"https:\/\/www.texisys.com\/?page_id=3207"},"modified":"2024-04-19T12:50:59","modified_gmt":"2024-04-19T11:50:59","slug":"privacy-policy","status":"publish","type":"page","link":"https:\/\/www.texisys.com\/en\/contact\/texi\/privacy-policy\/","title":{"rendered":"Texi &#8211; Privacy policy"},"content":{"rendered":"<h3>Data Controller<\/h3>\n<p>Texi is the data controller for processing personal data on this website. That means it is our responsibility to make sure that you as a visitor:<\/p>\n<ul>\n<li>Are aware of how and why we collect your personal data.<\/li>\n<li>Can make an active choice to approve or deny the processing and storage of your personal data (we don\u2019t process your personal information without your approval).<\/li>\n<li>Can update your data.<\/li>\n<li>Can be forgotten from the system and have the data we process about you erased.<\/li>\n<li>Can have all personal data we store about you disclosed to you.<\/li>\n<li>Can request that we export your personal data, for example, in the event that you switch suppliers.<\/li>\n<li>Have your personal data safely stored with us. We will not disclose said data to third parties without you being informed and without you expressly approving how and why this happens.<\/li>\n<\/ul>\n<h3>Personal Data and Cookies<\/h3>\n<p>Personal data includes anything that can identify you personally; name, address, social security number, e-mail, etc. Besides personal data, we also use cookies. Cookies are small files sent to your computer via the browser (unless you turn off cookies) when you visit a website. Their function is to collect information about how you as a visitor use a website, often in order to offer custom content. Cookies are a bit special since the Swedish Data Protection Authority (who heads the Data Protection Act in Sweden) has not decided whether or not they are considered personal data.<\/p>\n<p>Although cookies have not been legally included in the Data Protection Act on Personal Data, we consider them to be so important to your privacy that we treat them as such. And it\u2019s important that we store your data for you! Read more below about why.<\/p>\n<h4>Why does Texi store your personal data and cookies?<\/h4>\n<p>The idea behind Texi\u2019s website is to deliver as good and informative an experience to our visitors as possible. We want to be able to present customized guides, in-depth information and relevant articles, which are customized to each person who uses the site. In order for us to do that, we track what our visitors click on the page and what guides they download. This allows us to provide suggestions for further reading within the specific subject or related areas. This tracking is done using cookies. Of course, it\u2019s possible to use our website without cookies. However, the experience will not be as personal and relevant as it is supposed to be.<\/p>\n<p>If at any time you leave your e-mail address for us during a visit to our site, the cookie will be linked to your email address. This allows us to send suggestions on in-depth reading within the area you are interested in, such as guides, articles, and blog posts, if you consent.<\/p>\n<h4>How do we handle cookies?<\/h4>\n<p>Cookies are tracked using trackers, which have different purposes. In our case, it\u2019s all about offering you the visitor a customized experience of our collection. We use the following trackers to track and analyze cookies:<\/p>\n<ul>\n<li>Google Analytics<\/li>\n<li>Google Tag Manager<\/li>\n<li>Hotjar<\/li>\n<li>HubSpot analytics<\/li>\n<\/ul>\n<h4>What cookies do we use?<\/h4>\n<p>In order to provide you with the best experience possible, we work with HubSpot, a system for Inbound Marketing and Marketing Automation. Here you can see which cookies we use: <a href=\"https:\/\/knowledge.hubspot.com\/articles\/kcs_article\/reports\/what-cookies-does-hubspot-set-in-a-visitor-s-browser\" target=\"_blank\" rel=\"noopener\">HubSpot Cookies<\/a>.<\/p>\n<h4>How long do we store cookies?<\/h4>\n<p>We only store cookies for as long as necessary to fulfill the intended purpose.<\/p>\n<h4>How to delete cookies in your browser<\/h4>\n<p>How to delete cookies depends on which browser you\u2019re using. You can find guidance through the browser\u2019s own interface, or website. Some common browsers and how to delete cookies in them (click for external link):<\/p>\n<ul>\n<li><a href=\"https:\/\/support.google.com\/chrome\/answer\/95647?co=GENIE.Platform%3DDesktop&amp;hl=en-GB\" target=\"_blank\" rel=\"noopener\">Chrome<\/a><\/li>\n<li><a href=\"https:\/\/support.mozilla.org\/en-US\/kb\/clear-cookies-and-site-data-firefox\" target=\"_blank\" rel=\"noopener\">Firefox<\/a><\/li>\n<li><a href=\"https:\/\/support.microsoft.com\/en-ph\/help\/278835\/how-to-delete-cookie-files-in-internet-explorer\" target=\"_blank\" rel=\"noopener\">Internet Explorer<\/a><\/li>\n<li><a href=\"https:\/\/support.microsoft.com\/en-us\/help\/4027947\/windows-delete-cookies\" target=\"_blank\" rel=\"noopener\">Microsoft Edge<\/a><\/li>\n<li><a href=\"https:\/\/support.apple.com\/sv-se\/guide\/safari\/manage-cookies-and-website-data-sfri11471\/mac\" target=\"_blank\" rel=\"noopener\">Safari<\/a><\/li>\n<\/ul>\n<h3>When do we store personal data?<\/h3>\n<p>Cookies are stored continuously, as long as you have approved it. Personal data is stored when:<\/p>\n<ul>\n<li>You download a guide or other document via a form on our site.<\/li>\n<li>Otherwise, personal data is sent to us digitally, such as registration for training\/events\/seminars, contact forms, etc.<\/li>\n<\/ul>\n<h3>Giving or Withdrawing Consent<\/h3>\n<p>We will only process your personal data and cookies after you have approved the handling of said data and the purpose for said handling.<\/p>\n<p>You can also prevent further storage of cookies, as well as delete already stored cookies, via your web browser. The course of action to do so varies depending on the browser, thus why we refer you to your browser\u2019s help section to find the right way.<\/p>\n<p>To download our guides, you must agree to us storing your data so that we can provide suggestions for further reading in the area. You can always unsubscribe from mailings through a link in the e-mail. You can also update your mailing settings through the link in the e-mail. If you unsubscribe from further mailing, your personal data will be removed from our system. You can also email us at info@texisys.com.<\/p>\n<h3>Updating your data<\/h3>\n<p>To update your personal data, just email us at: <a href=\"mailto:info@texisys.com\">info@texisys.com<\/a> and we will resolve it.<\/p>\n<h3>Being forgotten<\/h3>\n<p>To have your data erased from our system, please report it to us at <a href=\"mailto:info@texisys.com\">info@texisys.com<\/a>.<\/p>\n<h3>Having your data disclosed and\/or exported<\/h3>\n<p>To know what personal data we have stored about you and to possibly export it to a new supplier, please report this to us at<a href=\"mailto:info@texisys.com\"> info@texisys.com<\/a>. We will then send you all the data we have stored on you.<\/p>\n<h3>Third-Party Information<\/h3>\n<p>Your personal data is safe with us. We neither sell, exchange or transmit your data to external parties.<\/p>\n<h3>Contact Us<\/h3>\n<p>If you have any questions about how and why we handle personal data &amp; cookies, please contact us directly at <a href=\"mailto:info@texisys.com\">info@texisys.com<\/a>.<\/p>\n","protected":false},"excerpt":{"rendered":"<p>We at Texi are keen on transparency, both in how we work and how we handle the data we collect about our visitors. Therefore, we want to tell you about how we handle your personal data and why, about cookies on our site, as well as your rights and obligations as a visitor.<\/p>\n","protected":false},"author":3,"featured_media":0,"parent":2811,"menu_order":0,"comment_status":"closed","ping_status":"closed","template":"","meta":{"_acf_changed":false,"footnotes":""},"class_list":["post-3207","page","type-page","status-publish","hentry"],"acf":[],"yoast_head":"<!-- This site is optimized with the Yoast SEO plugin v27.5 - https:\/\/yoast.com\/product\/yoast-seo-wordpress\/ -->\n<title>Texi - Privacy policy | TEXI\u2122<\/title>\n<meta name=\"description\" content=\"We at TEXI are keen to be transparent, both in how we work and how we handle the information we collect about our visitors.\" \/>\n<meta name=\"robots\" content=\"index, follow, max-snippet:-1, max-image-preview:large, max-video-preview:-1\" \/>\n<link rel=\"canonical\" href=\"https:\/\/www.texisys.com\/en\/contact\/texi\/privacy-policy\/\" \/>\n<meta property=\"og:locale\" content=\"en_US\" \/>\n<meta property=\"og:type\" content=\"article\" \/>\n<meta property=\"og:title\" content=\"Texi - Privacy policy | TEXI\u2122\" \/>\n<meta property=\"og:description\" content=\"We at TEXI are keen to be transparent, both in how we work and how we handle the information we collect about our visitors.\" \/>\n<meta property=\"og:url\" content=\"https:\/\/www.texisys.com\/en\/contact\/texi\/privacy-policy\/\" \/>\n<meta property=\"og:site_name\" content=\"Textillogistik f\u00f6r arbetskl\u00e4der till v\u00e5rd- och industriverksamheter\" \/>\n<meta property=\"article:modified_time\" content=\"2024-04-19T11:50:59+00:00\" \/>\n<meta property=\"og:image\" content=\"https:\/\/www.texisys.com\/wp-content\/uploads\/2018\/12\/background-logistics4_1-1.jpg\" \/>\n\t<meta property=\"og:image:width\" content=\"1920\" \/>\n\t<meta property=\"og:image:height\" content=\"626\" \/>\n\t<meta property=\"og:image:type\" content=\"image\/jpeg\" \/>\n<meta name=\"twitter:card\" content=\"summary_large_image\" \/>\n<meta name=\"twitter:label1\" content=\"Est. reading time\" \/>\n\t<meta name=\"twitter:data1\" content=\"5 minutes\" \/>\n<script type=\"application\/ld+json\" class=\"yoast-schema-graph\">{\"@context\":\"https:\\\/\\\/schema.org\",\"@graph\":[{\"@type\":\"WebPage\",\"@id\":\"https:\\\/\\\/www.texisys.com\\\/en\\\/contact\\\/texi\\\/privacy-policy\\\/\",\"url\":\"https:\\\/\\\/www.texisys.com\\\/en\\\/contact\\\/texi\\\/privacy-policy\\\/\",\"name\":\"Texi - Privacy policy | TEXI\u2122\",\"isPartOf\":{\"@id\":\"https:\\\/\\\/www.texisys.com\\\/#website\"},\"datePublished\":\"2018-10-17T06:57:51+00:00\",\"dateModified\":\"2024-04-19T11:50:59+00:00\",\"description\":\"We at TEXI are keen to be transparent, both in how we work and how we handle the information we collect about our visitors.\",\"breadcrumb\":{\"@id\":\"https:\\\/\\\/www.texisys.com\\\/en\\\/contact\\\/texi\\\/privacy-policy\\\/#breadcrumb\"},\"inLanguage\":\"en-US\",\"potentialAction\":[{\"@type\":\"ReadAction\",\"target\":[\"https:\\\/\\\/www.texisys.com\\\/en\\\/contact\\\/texi\\\/privacy-policy\\\/\"]}]},{\"@type\":\"BreadcrumbList\",\"@id\":\"https:\\\/\\\/www.texisys.com\\\/en\\\/contact\\\/texi\\\/privacy-policy\\\/#breadcrumb\",\"itemListElement\":[{\"@type\":\"ListItem\",\"position\":1,\"name\":\"Hem\",\"item\":\"https:\\\/\\\/www.texisys.com\\\/en\\\/\"},{\"@type\":\"ListItem\",\"position\":2,\"name\":\"Contact us\",\"item\":\"https:\\\/\\\/www.texisys.com\\\/en\\\/contact\\\/\"},{\"@type\":\"ListItem\",\"position\":3,\"name\":\"This is TEXI\",\"item\":\"https:\\\/\\\/www.texisys.com\\\/en\\\/contact\\\/texi\\\/\"},{\"@type\":\"ListItem\",\"position\":4,\"name\":\"Texi &#8211; Privacy policy\"}]},{\"@type\":\"WebSite\",\"@id\":\"https:\\\/\\\/www.texisys.com\\\/#website\",\"url\":\"https:\\\/\\\/www.texisys.com\\\/\",\"name\":\"Textillogistik f\u00f6r arbetskl\u00e4der till v\u00e5rd- och industriverksamheter\",\"description\":\"Vi f\u00f6renklar er hantering av arbetskl\u00e4der - full sp\u00e5rbarhet, minskat svinn, sparar tid, mindre lager m.m.\",\"publisher\":{\"@id\":\"https:\\\/\\\/www.texisys.com\\\/#organization\"},\"potentialAction\":[{\"@type\":\"SearchAction\",\"target\":{\"@type\":\"EntryPoint\",\"urlTemplate\":\"https:\\\/\\\/www.texisys.com\\\/?s={search_term_string}\"},\"query-input\":{\"@type\":\"PropertyValueSpecification\",\"valueRequired\":true,\"valueName\":\"search_term_string\"}}],\"inLanguage\":\"en-US\"},{\"@type\":\"Organization\",\"@id\":\"https:\\\/\\\/www.texisys.com\\\/#organization\",\"name\":\"Textilia\",\"url\":\"https:\\\/\\\/www.texisys.com\\\/\",\"logo\":{\"@type\":\"ImageObject\",\"inLanguage\":\"en-US\",\"@id\":\"https:\\\/\\\/www.texisys.com\\\/#\\\/schema\\\/logo\\\/image\\\/\",\"url\":\"https:\\\/\\\/www.texisys.com\\\/wp-content\\\/uploads\\\/2017\\\/04\\\/blogg_vardagshjalte-e1492608782771.jpg\",\"contentUrl\":\"https:\\\/\\\/www.texisys.com\\\/wp-content\\\/uploads\\\/2017\\\/04\\\/blogg_vardagshjalte-e1492608782771.jpg\",\"width\":1499,\"height\":1317,\"caption\":\"Textilia\"},\"image\":{\"@id\":\"https:\\\/\\\/www.texisys.com\\\/#\\\/schema\\\/logo\\\/image\\\/\"},\"sameAs\":[\"https:\\\/\\\/www.linkedin.com\\\/company\\\/texi-ab\\\/?originalSubdomain=se\"]}]}<\/script>\n<!-- \/ Yoast SEO plugin. -->","yoast_head_json":{"title":"Texi - Privacy policy | TEXI\u2122","description":"We at TEXI are keen to be transparent, both in how we work and how we handle the information we collect about our visitors.","robots":{"index":"index","follow":"follow","max-snippet":"max-snippet:-1","max-image-preview":"max-image-preview:large","max-video-preview":"max-video-preview:-1"},"canonical":"https:\/\/www.texisys.com\/en\/contact\/texi\/privacy-policy\/","og_locale":"en_US","og_type":"article","og_title":"Texi - Privacy policy | TEXI\u2122","og_description":"We at TEXI are keen to be transparent, both in how we work and how we handle the information we collect about our visitors.","og_url":"https:\/\/www.texisys.com\/en\/contact\/texi\/privacy-policy\/","og_site_name":"Textillogistik f\u00f6r arbetskl\u00e4der till v\u00e5rd- och industriverksamheter","article_modified_time":"2024-04-19T11:50:59+00:00","og_image":[{"width":1920,"height":626,"url":"https:\/\/www.texisys.com\/wp-content\/uploads\/2018\/12\/background-logistics4_1-1.jpg","type":"image\/jpeg"}],"twitter_card":"summary_large_image","twitter_misc":{"Est. reading time":"5 minutes"},"schema":{"@context":"https:\/\/schema.org","@graph":[{"@type":"WebPage","@id":"https:\/\/www.texisys.com\/en\/contact\/texi\/privacy-policy\/","url":"https:\/\/www.texisys.com\/en\/contact\/texi\/privacy-policy\/","name":"Texi - Privacy policy | TEXI\u2122","isPartOf":{"@id":"https:\/\/www.texisys.com\/#website"},"datePublished":"2018-10-17T06:57:51+00:00","dateModified":"2024-04-19T11:50:59+00:00","description":"We at TEXI are keen to be transparent, both in how we work and how we handle the information we collect about our visitors.","breadcrumb":{"@id":"https:\/\/www.texisys.com\/en\/contact\/texi\/privacy-policy\/#breadcrumb"},"inLanguage":"en-US","potentialAction":[{"@type":"ReadAction","target":["https:\/\/www.texisys.com\/en\/contact\/texi\/privacy-policy\/"]}]},{"@type":"BreadcrumbList","@id":"https:\/\/www.texisys.com\/en\/contact\/texi\/privacy-policy\/#breadcrumb","itemListElement":[{"@type":"ListItem","position":1,"name":"Hem","item":"https:\/\/www.texisys.com\/en\/"},{"@type":"ListItem","position":2,"name":"Contact us","item":"https:\/\/www.texisys.com\/en\/contact\/"},{"@type":"ListItem","position":3,"name":"This is TEXI","item":"https:\/\/www.texisys.com\/en\/contact\/texi\/"},{"@type":"ListItem","position":4,"name":"Texi &#8211; Privacy policy"}]},{"@type":"WebSite","@id":"https:\/\/www.texisys.com\/#website","url":"https:\/\/www.texisys.com\/","name":"Textillogistik f\u00f6r arbetskl\u00e4der till v\u00e5rd- och industriverksamheter","description":"Vi f\u00f6renklar er hantering av arbetskl\u00e4der - full sp\u00e5rbarhet, minskat svinn, sparar tid, mindre lager m.m.","publisher":{"@id":"https:\/\/www.texisys.com\/#organization"},"potentialAction":[{"@type":"SearchAction","target":{"@type":"EntryPoint","urlTemplate":"https:\/\/www.texisys.com\/?s={search_term_string}"},"query-input":{"@type":"PropertyValueSpecification","valueRequired":true,"valueName":"search_term_string"}}],"inLanguage":"en-US"},{"@type":"Organization","@id":"https:\/\/www.texisys.com\/#organization","name":"Textilia","url":"https:\/\/www.texisys.com\/","logo":{"@type":"ImageObject","inLanguage":"en-US","@id":"https:\/\/www.texisys.com\/#\/schema\/logo\/image\/","url":"https:\/\/www.texisys.com\/wp-content\/uploads\/2017\/04\/blogg_vardagshjalte-e1492608782771.jpg","contentUrl":"https:\/\/www.texisys.com\/wp-content\/uploads\/2017\/04\/blogg_vardagshjalte-e1492608782771.jpg","width":1499,"height":1317,"caption":"Textilia"},"image":{"@id":"https:\/\/www.texisys.com\/#\/schema\/logo\/image\/"},"sameAs":["https:\/\/www.linkedin.com\/company\/texi-ab\/?originalSubdomain=se"]}]}},"_links":{"self":[{"href":"https:\/\/www.texisys.com\/en\/wp-json\/wp\/v2\/pages\/3207","targetHints":{"allow":["GET"]}}],"collection":[{"href":"https:\/\/www.texisys.com\/en\/wp-json\/wp\/v2\/pages"}],"about":[{"href":"https:\/\/www.texisys.com\/en\/wp-json\/wp\/v2\/types\/page"}],"author":[{"embeddable":true,"href":"https:\/\/www.texisys.com\/en\/wp-json\/wp\/v2\/users\/3"}],"replies":[{"embeddable":true,"href":"https:\/\/www.texisys.com\/en\/wp-json\/wp\/v2\/comments?post=3207"}],"version-history":[{"count":0,"href":"https:\/\/www.texisys.com\/en\/wp-json\/wp\/v2\/pages\/3207\/revisions"}],"up":[{"embeddable":true,"href":"https:\/\/www.texisys.com\/en\/wp-json\/wp\/v2\/pages\/2811"}],"wp:attachment":[{"href":"https:\/\/www.texisys.com\/en\/wp-json\/wp\/v2\/media?parent=3207"}],"curies":[{"name":"wp","href":"https:\/\/api.w.org\/{rel}","templated":true}]}}