{"id":2811,"date":"2016-04-20T13:49:02","date_gmt":"2016-04-20T13:49:02","guid":{"rendered":"https:\/\/www.texisys.com\/om-textilia\/"},"modified":"2022-12-08T12:51:02","modified_gmt":"2022-12-08T11:51:02","slug":"texi","status":"publish","type":"page","link":"https:\/\/www.texisys.com\/en\/contact\/texi\/","title":{"rendered":"This is TEXI"},"content":{"rendered":"<h2>We simplify handling of work clothes at all levels<\/h2>\n<p>TEXI is a comprehensive solution which is independent of suppliers and makes handling work clothes simpler at all levels. Our logistics solutions are module-based and can easily be adapted and scaled to suit the customer\u2019s specific requirements.<\/p>\n<p>A SOLUTION WITH A LOT OF BENEFITS<\/p>\n<ul>\n<li>Complete control of all work clothes.<\/li>\n<li>The right work clothes in the right place at the right time.<\/li>\n<li>Automated ordering process.<\/li>\n<li>Reduced wastage.<\/li>\n<li>Space-saving.<\/li>\n<\/ul>\n<p>TEXI simplifies your day-to-day life and allows you to focus on your core business.<\/p>\n<h3>TEXI\u2019s customers have high standards of hygiene<\/h3>\n<p>The TEXI Logistic Solution is currently installed in a number of Scandinavian hospitals. Additionally, we have customers within the pharmaceutical and food industry sectors. Common to these enterprises is a high standard of hygiene and the value of having a constant and reliable supply of work clothes for their staff.<\/p>\n<p>We\u2019re already strong in Scandinavia and are challenging across all of Europe!<\/p>\n<h3>Owners<\/h3>\n<p>TEXI is part of the <a href=\"http:\/\/www.dfd.dk\/\" target=\"_blank\" rel=\"noopener noreferrer\">DFD Group<\/a> &#8211; one of Scandinavia&#8217;s largest textile service providers.<\/p>\n<h3>Our values<\/h3>\n<p>Everyone who works at TEXI shares our common values. These values shape every aspect of our day-to-day work.<\/p>\n<p>COMMITMENT \u2013 We always go the extra mile and put our heart and soul into our work. We carry out our work with a sense of pride. We take responsibility for our work and value our colleagues\u2019 efforts. We are always available when our customers need us, and we treat them professionally.<\/p>\n<p>TRUSTWORTHY \u2013 We are respectful and humble at all times. We have extensive expertise and are eager to share our know-how. We keep our promises.<\/p>\n<p>TOGETHER \u2013 We care about one another, and together we get results. We work together and lend a helping hand. We develop and grow together with our customers, and work as a team to meet their needs.<br \/>\nSidbrytning<\/p>\n<h3>Highest creditworthiness<\/h3>\n<p>UC G<a title=\"The seal is issued by UC AB. The image is linked to information about UC\u00b4s Credit Rating.\" href=\"https:\/\/www.uc.se\/en\/risksigill2?showorg=5568519101&amp;language=eng\" target=\"_blank\" rel=\"noopener noreferrer\"><img decoding=\"async\" class=\"alignright\" style=\"border: 0;\" src=\"https:\/\/www.uc.se\/ucsigill2\/sigill?org= 5568519101&amp;language=eng&amp;product=psa&amp;fontcolor=b\" \/><\/a>OLD accreditation testifies that TEXI AB is a stable, reliable partner with which to do business. This credit rating is based on UC Risk Corporate, the market\u2019s most reliable model for credit assessment. Updated on a daily basis, UC Risk indicates the likelihood of a company becoming insolvent within one year.<\/p>\n<h3><\/h3>\n<h3><\/h3>\n<h3><\/h3>\n<h3>History<\/h3>\n<p>TEXI was founded by the owner of one of Norway\u2019s largest laundries, who found that textiles sent out to customers were not returned in a timely manner. This resulted in, among other things, shortages of textiles, which in turn negatively impacted supply capacity. Bottlenecks arose in production and storage costs went through the roof. It became increasingly apparent that there was a need for a simple and flexible logistics solution for work clothes. The upshot was TEXI Logistic Solution &#8211; a flexible, stable and profitable logistics solution specifically for work clothes, developed in Norway.<\/p>\n<p><strong>Significant dates in our history:<\/strong><\/p>\n<ul>\n<li>1994 Kvalheim Vaskeri AS\u2019 development of TEXI Logistic Solution begins<\/li>\n<li>1996 The first prototype of the TEXI Dispenser Cabinet is unveiled<\/li>\n<li>2000 A cooperation agreement is established with St. Olav&#8217;s University Hospital, and the Norwegian development fund for the purpose of jointly developing a system for textile logistics<\/li>\n<li>2001 TEXI AS is founded as an independent limited company with its headquarters in Trondheim<\/li>\n<li>2003 A pilot installation is implemented at St. Olav&#8217;s University Hospital<\/li>\n<li>2005 TEXI is awarded a European patent for a cabinet-based solution for dispensing textiles<\/li>\n<li>2005 TEXI enters into a commercial agreement with Helsebygg for the supply of TEXI Logistic Solution for phase one of a new construction project at St. Olav&#8217;s University Hospital.<\/li>\n<li>2011 TEXI expanded when its subsidiary TEXI AB was established with its headquarters in Eskilstuna<\/li>\n<li>2014 TEXI relocates its Swedish operations to Stockholm<\/li>\n<\/ul>\n","protected":false},"excerpt":{"rendered":"<p> TEXI is a Scandinavian innovation and is a professional solution for handling work clothes. It\u2019s used by businesses and organisations with high hygiene requirements that handle large volumes of work clothes. Our services are aimed at enterprises, large and small, which use work clothes. <\/p>\n","protected":false},"author":1,"featured_media":3292,"parent":1776,"menu_order":0,"comment_status":"closed","ping_status":"closed","template":"","meta":{"_acf_changed":false,"footnotes":""},"class_list":["post-2811","page","type-page","status-publish","has-post-thumbnail","hentry"],"acf":[],"yoast_head":"<!-- This site is optimized with the Yoast SEO plugin v27.5 - https:\/\/yoast.com\/product\/yoast-seo-wordpress\/ -->\n<title>TEXI makes textile logistics easier at all levels | TEXI\u2122<\/title>\n<meta name=\"description\" content=\"Benefits: \u2713Complete control of work clothes \u2713The right work clothes in the right place at the right time \u2713Automatic ordering process \u2713Minimized waste\" \/>\n<meta name=\"robots\" content=\"index, follow, max-snippet:-1, max-image-preview:large, max-video-preview:-1\" \/>\n<link rel=\"canonical\" href=\"https:\/\/www.texisys.com\/en\/contact\/texi\/\" \/>\n<meta property=\"og:locale\" content=\"en_US\" \/>\n<meta property=\"og:type\" content=\"article\" \/>\n<meta property=\"og:title\" content=\"TEXI makes textile logistics easier at all levels | TEXI\u2122\" \/>\n<meta property=\"og:description\" content=\"Benefits: \u2713Complete control of work clothes \u2713The right work clothes in the right place at the right time \u2713Automatic ordering process \u2713Minimized waste\" \/>\n<meta property=\"og:url\" content=\"https:\/\/www.texisys.com\/en\/contact\/texi\/\" \/>\n<meta property=\"og:site_name\" content=\"Textillogistik f\u00f6r arbetskl\u00e4der till v\u00e5rd- och industriverksamheter\" \/>\n<meta property=\"article:modified_time\" content=\"2022-12-08T11:51:02+00:00\" \/>\n<meta property=\"og:image\" content=\"https:\/\/www.texisys.com\/wp-content\/uploads\/2018\/12\/background-logistics4.jpg\" \/>\n\t<meta property=\"og:image:width\" content=\"1920\" \/>\n\t<meta property=\"og:image:height\" content=\"626\" \/>\n\t<meta property=\"og:image:type\" content=\"image\/jpeg\" \/>\n<meta name=\"twitter:card\" content=\"summary_large_image\" \/>\n<meta name=\"twitter:label1\" content=\"Est. reading time\" \/>\n\t<meta name=\"twitter:data1\" content=\"4 minutes\" \/>\n<script type=\"application\/ld+json\" class=\"yoast-schema-graph\">{\"@context\":\"https:\\\/\\\/schema.org\",\"@graph\":[{\"@type\":\"WebPage\",\"@id\":\"https:\\\/\\\/www.texisys.com\\\/en\\\/contact\\\/texi\\\/\",\"url\":\"https:\\\/\\\/www.texisys.com\\\/en\\\/contact\\\/texi\\\/\",\"name\":\"TEXI makes textile logistics easier at all levels | TEXI\u2122\",\"isPartOf\":{\"@id\":\"https:\\\/\\\/www.texisys.com\\\/#website\"},\"primaryImageOfPage\":{\"@id\":\"https:\\\/\\\/www.texisys.com\\\/en\\\/contact\\\/texi\\\/#primaryimage\"},\"image\":{\"@id\":\"https:\\\/\\\/www.texisys.com\\\/en\\\/contact\\\/texi\\\/#primaryimage\"},\"thumbnailUrl\":\"https:\\\/\\\/www.texisys.com\\\/wp-content\\\/uploads\\\/2018\\\/12\\\/background-logistics4.jpg\",\"datePublished\":\"2016-04-20T13:49:02+00:00\",\"dateModified\":\"2022-12-08T11:51:02+00:00\",\"description\":\"Benefits: \u2713Complete control of work clothes \u2713The right work clothes in the right place at the right time \u2713Automatic ordering process \u2713Minimized waste\",\"breadcrumb\":{\"@id\":\"https:\\\/\\\/www.texisys.com\\\/en\\\/contact\\\/texi\\\/#breadcrumb\"},\"inLanguage\":\"en-US\",\"potentialAction\":[{\"@type\":\"ReadAction\",\"target\":[\"https:\\\/\\\/www.texisys.com\\\/en\\\/contact\\\/texi\\\/\"]}]},{\"@type\":\"ImageObject\",\"inLanguage\":\"en-US\",\"@id\":\"https:\\\/\\\/www.texisys.com\\\/en\\\/contact\\\/texi\\\/#primaryimage\",\"url\":\"https:\\\/\\\/www.texisys.com\\\/wp-content\\\/uploads\\\/2018\\\/12\\\/background-logistics4.jpg\",\"contentUrl\":\"https:\\\/\\\/www.texisys.com\\\/wp-content\\\/uploads\\\/2018\\\/12\\\/background-logistics4.jpg\",\"width\":1920,\"height\":626},{\"@type\":\"BreadcrumbList\",\"@id\":\"https:\\\/\\\/www.texisys.com\\\/en\\\/contact\\\/texi\\\/#breadcrumb\",\"itemListElement\":[{\"@type\":\"ListItem\",\"position\":1,\"name\":\"Hem\",\"item\":\"https:\\\/\\\/www.texisys.com\\\/en\\\/\"},{\"@type\":\"ListItem\",\"position\":2,\"name\":\"Contact us\",\"item\":\"https:\\\/\\\/www.texisys.com\\\/en\\\/contact\\\/\"},{\"@type\":\"ListItem\",\"position\":3,\"name\":\"This is TEXI\"}]},{\"@type\":\"WebSite\",\"@id\":\"https:\\\/\\\/www.texisys.com\\\/#website\",\"url\":\"https:\\\/\\\/www.texisys.com\\\/\",\"name\":\"Textillogistik f\u00f6r arbetskl\u00e4der till v\u00e5rd- och industriverksamheter\",\"description\":\"Vi f\u00f6renklar er hantering av arbetskl\u00e4der - full sp\u00e5rbarhet, minskat svinn, sparar tid, mindre lager m.m.\",\"publisher\":{\"@id\":\"https:\\\/\\\/www.texisys.com\\\/#organization\"},\"potentialAction\":[{\"@type\":\"SearchAction\",\"target\":{\"@type\":\"EntryPoint\",\"urlTemplate\":\"https:\\\/\\\/www.texisys.com\\\/?s={search_term_string}\"},\"query-input\":{\"@type\":\"PropertyValueSpecification\",\"valueRequired\":true,\"valueName\":\"search_term_string\"}}],\"inLanguage\":\"en-US\"},{\"@type\":\"Organization\",\"@id\":\"https:\\\/\\\/www.texisys.com\\\/#organization\",\"name\":\"Textilia\",\"url\":\"https:\\\/\\\/www.texisys.com\\\/\",\"logo\":{\"@type\":\"ImageObject\",\"inLanguage\":\"en-US\",\"@id\":\"https:\\\/\\\/www.texisys.com\\\/#\\\/schema\\\/logo\\\/image\\\/\",\"url\":\"https:\\\/\\\/www.texisys.com\\\/wp-content\\\/uploads\\\/2017\\\/04\\\/blogg_vardagshjalte-e1492608782771.jpg\",\"contentUrl\":\"https:\\\/\\\/www.texisys.com\\\/wp-content\\\/uploads\\\/2017\\\/04\\\/blogg_vardagshjalte-e1492608782771.jpg\",\"width\":1499,\"height\":1317,\"caption\":\"Textilia\"},\"image\":{\"@id\":\"https:\\\/\\\/www.texisys.com\\\/#\\\/schema\\\/logo\\\/image\\\/\"},\"sameAs\":[\"https:\\\/\\\/www.linkedin.com\\\/company\\\/texi-ab\\\/?originalSubdomain=se\"]}]}<\/script>\n<!-- \/ Yoast SEO plugin. -->","yoast_head_json":{"title":"TEXI makes textile logistics easier at all levels | TEXI\u2122","description":"Benefits: \u2713Complete control of work clothes \u2713The right work clothes in the right place at the right time \u2713Automatic ordering process \u2713Minimized waste","robots":{"index":"index","follow":"follow","max-snippet":"max-snippet:-1","max-image-preview":"max-image-preview:large","max-video-preview":"max-video-preview:-1"},"canonical":"https:\/\/www.texisys.com\/en\/contact\/texi\/","og_locale":"en_US","og_type":"article","og_title":"TEXI makes textile logistics easier at all levels | TEXI\u2122","og_description":"Benefits: \u2713Complete control of work clothes \u2713The right work clothes in the right place at the right time \u2713Automatic ordering process \u2713Minimized waste","og_url":"https:\/\/www.texisys.com\/en\/contact\/texi\/","og_site_name":"Textillogistik f\u00f6r arbetskl\u00e4der till v\u00e5rd- och industriverksamheter","article_modified_time":"2022-12-08T11:51:02+00:00","og_image":[{"width":1920,"height":626,"url":"https:\/\/www.texisys.com\/wp-content\/uploads\/2018\/12\/background-logistics4.jpg","type":"image\/jpeg"}],"twitter_card":"summary_large_image","twitter_misc":{"Est. reading time":"4 minutes"},"schema":{"@context":"https:\/\/schema.org","@graph":[{"@type":"WebPage","@id":"https:\/\/www.texisys.com\/en\/contact\/texi\/","url":"https:\/\/www.texisys.com\/en\/contact\/texi\/","name":"TEXI makes textile logistics easier at all levels | TEXI\u2122","isPartOf":{"@id":"https:\/\/www.texisys.com\/#website"},"primaryImageOfPage":{"@id":"https:\/\/www.texisys.com\/en\/contact\/texi\/#primaryimage"},"image":{"@id":"https:\/\/www.texisys.com\/en\/contact\/texi\/#primaryimage"},"thumbnailUrl":"https:\/\/www.texisys.com\/wp-content\/uploads\/2018\/12\/background-logistics4.jpg","datePublished":"2016-04-20T13:49:02+00:00","dateModified":"2022-12-08T11:51:02+00:00","description":"Benefits: \u2713Complete control of work clothes \u2713The right work clothes in the right place at the right time \u2713Automatic ordering process \u2713Minimized waste","breadcrumb":{"@id":"https:\/\/www.texisys.com\/en\/contact\/texi\/#breadcrumb"},"inLanguage":"en-US","potentialAction":[{"@type":"ReadAction","target":["https:\/\/www.texisys.com\/en\/contact\/texi\/"]}]},{"@type":"ImageObject","inLanguage":"en-US","@id":"https:\/\/www.texisys.com\/en\/contact\/texi\/#primaryimage","url":"https:\/\/www.texisys.com\/wp-content\/uploads\/2018\/12\/background-logistics4.jpg","contentUrl":"https:\/\/www.texisys.com\/wp-content\/uploads\/2018\/12\/background-logistics4.jpg","width":1920,"height":626},{"@type":"BreadcrumbList","@id":"https:\/\/www.texisys.com\/en\/contact\/texi\/#breadcrumb","itemListElement":[{"@type":"ListItem","position":1,"name":"Hem","item":"https:\/\/www.texisys.com\/en\/"},{"@type":"ListItem","position":2,"name":"Contact us","item":"https:\/\/www.texisys.com\/en\/contact\/"},{"@type":"ListItem","position":3,"name":"This is TEXI"}]},{"@type":"WebSite","@id":"https:\/\/www.texisys.com\/#website","url":"https:\/\/www.texisys.com\/","name":"Textillogistik f\u00f6r arbetskl\u00e4der till v\u00e5rd- och industriverksamheter","description":"Vi f\u00f6renklar er hantering av arbetskl\u00e4der - full sp\u00e5rbarhet, minskat svinn, sparar tid, mindre lager m.m.","publisher":{"@id":"https:\/\/www.texisys.com\/#organization"},"potentialAction":[{"@type":"SearchAction","target":{"@type":"EntryPoint","urlTemplate":"https:\/\/www.texisys.com\/?s={search_term_string}"},"query-input":{"@type":"PropertyValueSpecification","valueRequired":true,"valueName":"search_term_string"}}],"inLanguage":"en-US"},{"@type":"Organization","@id":"https:\/\/www.texisys.com\/#organization","name":"Textilia","url":"https:\/\/www.texisys.com\/","logo":{"@type":"ImageObject","inLanguage":"en-US","@id":"https:\/\/www.texisys.com\/#\/schema\/logo\/image\/","url":"https:\/\/www.texisys.com\/wp-content\/uploads\/2017\/04\/blogg_vardagshjalte-e1492608782771.jpg","contentUrl":"https:\/\/www.texisys.com\/wp-content\/uploads\/2017\/04\/blogg_vardagshjalte-e1492608782771.jpg","width":1499,"height":1317,"caption":"Textilia"},"image":{"@id":"https:\/\/www.texisys.com\/#\/schema\/logo\/image\/"},"sameAs":["https:\/\/www.linkedin.com\/company\/texi-ab\/?originalSubdomain=se"]}]}},"_links":{"self":[{"href":"https:\/\/www.texisys.com\/en\/wp-json\/wp\/v2\/pages\/2811","targetHints":{"allow":["GET"]}}],"collection":[{"href":"https:\/\/www.texisys.com\/en\/wp-json\/wp\/v2\/pages"}],"about":[{"href":"https:\/\/www.texisys.com\/en\/wp-json\/wp\/v2\/types\/page"}],"author":[{"embeddable":true,"href":"https:\/\/www.texisys.com\/en\/wp-json\/wp\/v2\/users\/1"}],"replies":[{"embeddable":true,"href":"https:\/\/www.texisys.com\/en\/wp-json\/wp\/v2\/comments?post=2811"}],"version-history":[{"count":0,"href":"https:\/\/www.texisys.com\/en\/wp-json\/wp\/v2\/pages\/2811\/revisions"}],"up":[{"embeddable":true,"href":"https:\/\/www.texisys.com\/en\/wp-json\/wp\/v2\/pages\/1776"}],"wp:featuredmedia":[{"embeddable":true,"href":"https:\/\/www.texisys.com\/en\/wp-json\/wp\/v2\/media\/3292"}],"wp:attachment":[{"href":"https:\/\/www.texisys.com\/en\/wp-json\/wp\/v2\/media?parent=2811"}],"curies":[{"name":"wp","href":"https:\/\/api.w.org\/{rel}","templated":true}]}}